{"id":2513,"date":"2025-01-14T10:23:00","date_gmt":"2025-01-14T08:23:00","guid":{"rendered":"https:\/\/restaurantlapontongiurgiu.ro\/?page_id=2513"},"modified":"2025-01-14T10:58:47","modified_gmt":"2025-01-14T08:58:47","slug":"politica-de-retur","status":"publish","type":"page","link":"https:\/\/restaurantlapontongiurgiu.ro\/en\/politica-de-retur\/","title":{"rendered":"Politica de Retur"},"content":{"rendered":"\t\t<div data-elementor-type=\"wp-page\" data-elementor-id=\"2513\" class=\"elementor elementor-2513\" data-elementor-post-type=\"page\">\n\t\t\t\t<div class=\"elementor-element elementor-element-4b67133 e-flex e-con-boxed e-con e-parent\" data-id=\"4b67133\" data-element_type=\"container\" data-e-type=\"container\">\n\t\t\t\t\t<div class=\"e-con-inner\">\n\t\t\t\t<div class=\"elementor-element elementor-element-ed26caf elementor-icon-list--layout-inline elementor-align-end elementor-mobile-align-center elementor-widget__width-initial elementor-widget-mobile__width-auto elementor-hidden-mobile elementor-list-item-link-full_width elementor-widget elementor-widget-icon-list\" data-id=\"ed26caf\" data-element_type=\"widget\" data-e-type=\"widget\" data-widget_type=\"icon-list.default\">\n\t\t\t\t\t\t\t<ul class=\"elementor-icon-list-items elementor-inline-items\">\n\t\t\t\t\t\t\t<li class=\"elementor-icon-list-item elementor-inline-item\">\n\t\t\t\t\t\t\t\t\t\t\t<a href=\"https:\/\/restaurantlapontongiurgiu.ro\/en\/\">\n\n\t\t\t\t\t\t\t\t\t\t\t<span class=\"elementor-icon-list-text\">Acas\u0103<\/span>\n\t\t\t\t\t\t\t\t\t\t\t<\/a>\n\t\t\t\t\t\t\t\t\t<\/li>\n\t\t\t\t\t\t\t\t<li class=\"elementor-icon-list-item elementor-inline-item\">\n\t\t\t\t\t\t\t\t\t\t\t<a href=\"https:\/\/restaurantlapontongiurgiu.ro\/#despre-noi\">\n\n\t\t\t\t\t\t\t\t\t\t\t<span class=\"elementor-icon-list-text\">Despre noi<\/span>\n\t\t\t\t\t\t\t\t\t\t\t<\/a>\n\t\t\t\t\t\t\t\t\t<\/li>\n\t\t\t\t\t\t<\/ul>\n\t\t\t\t\t\t<\/div>\n\t\t\t\t<div class=\"elementor-element elementor-element-9180226 elementor-widget-mobile__width-initial elementor-widget elementor-widget-image\" data-id=\"9180226\" data-element_type=\"widget\" data-e-type=\"widget\" data-widget_type=\"image.default\">\n\t\t\t\t\t\t\t\t\t\t\t\t\t\t\t\t<a href=\"https:\/\/restaurantlapontongiurgiu.ro\/en\/\">\n\t\t\t\t\t\t\t<img fetchpriority=\"high\" decoding=\"async\" width=\"393\" height=\"135\" src=\"https:\/\/restaurantlapontongiurgiu.ro\/wp-content\/uploads\/2024\/12\/ponton-w.svg\" class=\"attachment-large size-large wp-image-1109\" alt=\"\" title=\"\">\t\t\t\t\t\t\t\t<\/a>\n\t\t\t\t\t\t\t\t\t\t\t\t\t\t\t<\/div>\n\t\t\t\t<div class=\"elementor-element elementor-element-7353741 elementor-icon-list--layout-inline elementor-align-start elementor-mobile-align-center elementor-widget__width-initial elementor-widget-mobile__width-auto elementor-hidden-mobile elementor-list-item-link-full_width elementor-widget elementor-widget-icon-list\" data-id=\"7353741\" data-element_type=\"widget\" data-e-type=\"widget\" data-widget_type=\"icon-list.default\">\n\t\t\t\t\t\t\t<ul class=\"elementor-icon-list-items elementor-inline-items\">\n\t\t\t\t\t\t\t<li class=\"elementor-icon-list-item elementor-inline-item\">\n\t\t\t\t\t\t\t\t\t\t\t<a href=\"https:\/\/restaurantlapontongiurgiu.ro\/meniu\/\">\n\n\t\t\t\t\t\t\t\t\t\t\t<span class=\"elementor-icon-list-text\">Meniu<\/span>\n\t\t\t\t\t\t\t\t\t\t\t<\/a>\n\t\t\t\t\t\t\t\t\t<\/li>\n\t\t\t\t\t\t\t\t<li class=\"elementor-icon-list-item elementor-inline-item\">\n\t\t\t\t\t\t\t\t\t\t\t<a href=\"https:\/\/restaurantlapontongiurgiu.ro\/#contact\">\n\n\t\t\t\t\t\t\t\t\t\t\t<span class=\"elementor-icon-list-text\">Contact<\/span>\n\t\t\t\t\t\t\t\t\t\t\t<\/a>\n\t\t\t\t\t\t\t\t\t<\/li>\n\t\t\t\t\t\t<\/ul>\n\t\t\t\t\t\t<\/div>\n\t\t\t\t<div class=\"elementor-element elementor-element-a386c28 elementor-widget__width-initial elementor-widget elementor-widget-shortcode\" data-id=\"a386c28\" data-element_type=\"widget\" data-e-type=\"widget\" data-widget_type=\"shortcode.default\">\n\t\t\t\t\t\t\t<div class=\"elementor-shortcode\">\n<div class=\"wpml-ls-statics-shortcode_actions wpml-ls wpml-ls-legacy-list-horizontal\">\n\t<ul><li class=\"wpml-ls-slot-shortcode_actions wpml-ls-item wpml-ls-item-en wpml-ls-current-language wpml-ls-first-item wpml-ls-item-legacy-list-horizontal\">\n\t\t\t\t<a href=\"https:\/\/restaurantlapontongiurgiu.ro\/en\/\" class=\"wpml-ls-link\">\n                                                        <img decoding=\"async\" src=\"https:\/\/restaurantlapontongiurgiu.ro\/wp-content\/plugins\/sitepress-multilingual-cms\/res\/flags\/en.png\" alt=\"English\" class=\"wpml-ls-flag\" width=\"18\" height=\"12\" title=\"\"><\/a>\n\t\t\t<\/li><li class=\"wpml-ls-slot-shortcode_actions wpml-ls-item wpml-ls-item-ro wpml-ls-last-item wpml-ls-item-legacy-list-horizontal\">\n\t\t\t\t<a href=\"https:\/\/restaurantlapontongiurgiu.ro\/\" class=\"wpml-ls-link\">\n                                                        <img decoding=\"async\" src=\"https:\/\/restaurantlapontongiurgiu.ro\/wp-content\/plugins\/sitepress-multilingual-cms\/res\/flags\/ro.png\" alt=\"Romanian\" class=\"wpml-ls-flag\" width=\"18\" height=\"12\" title=\"\"><\/a>\n\t\t\t<\/li><\/ul>\n<\/div>\n<\/div>\n\t\t\t\t\t\t<\/div>\n\t\t\t\t<div class=\"elementor-element elementor-element-c7d8f62 elementor-widget-mobile__width-initial elementor-hidden-desktop elementor-hidden-laptop elementor-hidden-tablet elementor-view-default elementor-widget elementor-widget-icon\" data-id=\"c7d8f62\" data-element_type=\"widget\" data-e-type=\"widget\" data-widget_type=\"icon.default\">\n\t\t\t\t\t\t\t<div class=\"elementor-icon-wrapper\">\n\t\t\t<a class=\"elementor-icon\" href=\"#elementor-action%3Aaction%3Dpopup%3Aopen%26settings%3DeyJpZCI6IjE2MzEiLCJ0b2dnbGUiOmZhbHNlfQ%3D%3D\">\n\t\t\t<svg aria-hidden=\"true\" class=\"e-font-icon-svg e-fas-bars\" viewBox=\"0 0 448 512\" xmlns=\"http:\/\/www.w3.org\/2000\/svg\"><path d=\"M16 132h416c8.837 0 16-7.163 16-16V76c0-8.837-7.163-16-16-16H16C7.163 60 0 67.163 0 76v40c0 8.837 7.163 16 16 16zm0 160h416c8.837 0 16-7.163 16-16v-40c0-8.837-7.163-16-16-16H16c-8.837 0-16 7.163-16 16v40c0 8.837 7.163 16 16 16zm0 160h416c8.837 0 16-7.163 16-16v-40c0-8.837-7.163-16-16-16H16c-8.837 0-16 7.163-16 16v40c0 8.837 7.163 16 16 16z\"><\/path><\/svg>\t\t\t<\/a>\n\t\t<\/div>\n\t\t\t\t\t\t<\/div>\n\t\t\t\t\t<\/div>\n\t\t\t\t<\/div>\n\t\t<section class=\"elementor-element elementor-element-9e1de78 e-flex e-con-boxed e-con e-parent\" data-id=\"9e1de78\" data-element_type=\"container\" data-e-type=\"container\" data-settings=\"{&quot;background_background&quot;:&quot;classic&quot;}\">\n\t\t\t\t\t<div class=\"e-con-inner\">\n\t\t\t\t<div class=\"elementor-element elementor-element-50dfea5 elementor-widget elementor-widget-heading\" data-id=\"50dfea5\" data-element_type=\"widget\" data-e-type=\"widget\" data-widget_type=\"heading.default\">\n\t\t\t\t\t<h1 class=\"elementor-heading-title elementor-size-default\">Politica de Retur<\/h1>\t\t\t\t<\/div>\n\t\t\t\t<div class=\"elementor-element elementor-element-d824762 elementor-widget__width-inherit elementor-widget elementor-widget-heading\" data-id=\"d824762\" data-element_type=\"widget\" data-e-type=\"widget\" data-widget_type=\"heading.default\">\n\t\t\t\t\t<h2 class=\"elementor-heading-title elementor-size-default\">Restaurant cu <b>specific pesc\u0103resc<\/b>. Tradi\u021bional <b>rom\u00e2nesc<\/b>.<\/h2>\t\t\t\t<\/div>\n\t\t\t\t\t<\/div>\n\t\t\t\t<\/section>\n\t\t<section class=\"elementor-element elementor-element-674f2de e-flex e-con-boxed e-con e-parent\" data-id=\"674f2de\" data-element_type=\"container\" data-e-type=\"container\">\n\t\t\t\t\t<div class=\"e-con-inner\">\n\t\t\t\t<div class=\"elementor-element elementor-element-e0b8b99 elementor-widget__width-inherit elementor-widget elementor-widget-text-editor\" data-id=\"e0b8b99\" data-element_type=\"widget\" data-e-type=\"widget\" data-widget_type=\"text-editor.default\">\n\t\t\t\t\t\t\t\t\t<p>Av\u00e2nd \u00een vedere c\u0103 <strong>restaurantul La Ponton<\/strong> nu furnizeaz\u0103 servicii de livrare a m\u00e2nc\u0103rii, nu sunt aplicabile politici de retur pentru produse alimentare.<\/p><p><strong>3.1. Politica general\u0103 de retur<\/strong><\/p><p>\u00cen cazul \u00een care un client are o problem\u0103 cu serviciile oferite direct la loca\u021bie (de exemplu, neconformitatea cu a\u0219tept\u0103rile legate de meniul sau serviciile oferite), ne angaj\u0103m s\u0103 analiz\u0103m fiecare situa\u021bie \u00een parte \u0219i s\u0103 g\u0103sim o solu\u021bie adecvat\u0103.<\/p><p><strong>3.2. Reclama\u021bii \u0219i solu\u021bionare<\/strong><\/p><p>Dac\u0103 a\u021bi \u00eent\u00e2mpinat o problem\u0103 la restaurant sau cu serviciile noastre, v\u0103 rug\u0103m s\u0103 ne contacta\u021bi \u00een termen de 24 de ore de la incident, pentru a putea investi \u00een mod corespunz\u0103tor \u0219i a asigura o solu\u021bie.<\/p>\t\t\t\t\t\t\t\t<\/div>\n\t\t\t\t\t<\/div>\n\t\t\t\t<\/section>\n\t\t<div class=\"elementor-element elementor-element-718e82c e-flex e-con-boxed e-con e-parent\" data-id=\"718e82c\" data-element_type=\"container\" data-e-type=\"container\" data-settings=\"{&quot;background_background&quot;:&quot;classic&quot;}\">\n\t\t\t\t\t<div class=\"e-con-inner\">\n\t\t\t\t<div class=\"elementor-element elementor-element-6fc0202 elementor-widget__width-initial elementor-widget-tablet__width-initial elementor-widget elementor-widget-image\" data-id=\"6fc0202\" data-element_type=\"widget\" data-e-type=\"widget\" data-widget_type=\"image.default\">\n\t\t\t\t\t\t\t\t\t\t\t\t\t\t\t\t<a href=\"https:\/\/restaurantlapontongiurgiu.ro\/en\/\">\n\t\t\t\t\t\t\t<img fetchpriority=\"high\" decoding=\"async\" width=\"393\" height=\"135\" src=\"https:\/\/restaurantlapontongiurgiu.ro\/wp-content\/uploads\/2024\/12\/ponton-w.svg\" class=\"attachment-large size-large wp-image-1109\" alt=\"\" title=\"\">\t\t\t\t\t\t\t\t<\/a>\n\t\t\t\t\t\t\t\t\t\t\t\t\t\t\t<\/div>\n\t\t<div class=\"elementor-element elementor-element-be91334 e-con-full e-flex e-con e-child\" data-id=\"be91334\" data-element_type=\"container\" data-e-type=\"container\">\n\t\t\t\t<div class=\"elementor-element elementor-element-6944a77 elementor-widget-tablet__width-inherit elementor-widget elementor-widget-heading\" data-id=\"6944a77\" data-element_type=\"widget\" data-e-type=\"widget\" data-widget_type=\"heading.default\">\n\t\t\t\t\t<div class=\"elementor-heading-title elementor-size-default\">Utile<\/div>\t\t\t\t<\/div>\n\t\t\t\t<div class=\"elementor-element elementor-element-627d596 elementor-widget-tablet__width-inherit elementor-icon-list--layout-traditional elementor-list-item-link-full_width elementor-widget elementor-widget-icon-list\" data-id=\"627d596\" data-element_type=\"widget\" data-e-type=\"widget\" data-widget_type=\"icon-list.default\">\n\t\t\t\t\t\t\t<ul class=\"elementor-icon-list-items\">\n\t\t\t\t\t\t\t<li class=\"elementor-icon-list-item\">\n\t\t\t\t\t\t\t\t\t\t\t<a href=\"https:\/\/restaurantlapontongiurgiu.ro\/en\/\">\n\n\t\t\t\t\t\t\t\t\t\t\t<span class=\"elementor-icon-list-text\">Acas\u0103<\/span>\n\t\t\t\t\t\t\t\t\t\t\t<\/a>\n\t\t\t\t\t\t\t\t\t<\/li>\n\t\t\t\t\t\t\t\t<li class=\"elementor-icon-list-item\">\n\t\t\t\t\t\t\t\t\t\t\t<a href=\"https:\/\/restaurantlapontongiurgiu.ro\/#despre-noi\">\n\n\t\t\t\t\t\t\t\t\t\t\t<span class=\"elementor-icon-list-text\">Despre noi<\/span>\n\t\t\t\t\t\t\t\t\t\t\t<\/a>\n\t\t\t\t\t\t\t\t\t<\/li>\n\t\t\t\t\t\t\t\t<li class=\"elementor-icon-list-item\">\n\t\t\t\t\t\t\t\t\t\t\t<a href=\"https:\/\/restaurantlapontongiurgiu.ro\/meniu\/\">\n\n\t\t\t\t\t\t\t\t\t\t\t<span class=\"elementor-icon-list-text\"><b>Meniu<\/b><\/span>\n\t\t\t\t\t\t\t\t\t\t\t<\/a>\n\t\t\t\t\t\t\t\t\t<\/li>\n\t\t\t\t\t\t\t\t<li class=\"elementor-icon-list-item\">\n\t\t\t\t\t\t\t\t\t\t\t<a href=\"https:\/\/restaurantlapontongiurgiu.ro\/#contact\">\n\n\t\t\t\t\t\t\t\t\t\t\t<span class=\"elementor-icon-list-text\">Contact<\/span>\n\t\t\t\t\t\t\t\t\t\t\t<\/a>\n\t\t\t\t\t\t\t\t\t<\/li>\n\t\t\t\t\t\t<\/ul>\n\t\t\t\t\t\t<\/div>\n\t\t\t\t<\/div>\n\t\t<div class=\"elementor-element elementor-element-a9498d4 e-con-full e-flex e-con e-child\" data-id=\"a9498d4\" data-element_type=\"container\" data-e-type=\"container\">\n\t\t\t\t<div class=\"elementor-element elementor-element-1f0f77a elementor-widget-tablet__width-inherit elementor-widget elementor-widget-heading\" data-id=\"1f0f77a\" data-element_type=\"widget\" data-e-type=\"widget\" data-widget_type=\"heading.default\">\n\t\t\t\t\t<div class=\"elementor-heading-title elementor-size-default\">T&amp;C<\/div>\t\t\t\t<\/div>\n\t\t\t\t<div class=\"elementor-element elementor-element-5e52cdd elementor-widget-tablet__width-inherit elementor-icon-list--layout-traditional elementor-list-item-link-full_width elementor-widget elementor-widget-icon-list\" data-id=\"5e52cdd\" data-element_type=\"widget\" data-e-type=\"widget\" data-widget_type=\"icon-list.default\">\n\t\t\t\t\t\t\t<ul class=\"elementor-icon-list-items\">\n\t\t\t\t\t\t\t<li class=\"elementor-icon-list-item\">\n\t\t\t\t\t\t\t\t\t\t\t<a href=\"https:\/\/restaurantlapontongiurgiu.ro\/en\/termeni-si-conditii\/\">\n\n\t\t\t\t\t\t\t\t\t\t\t<span class=\"elementor-icon-list-text\">Termeni \u0219i Condi\u021bii<\/span>\n\t\t\t\t\t\t\t\t\t\t\t<\/a>\n\t\t\t\t\t\t\t\t\t<\/li>\n\t\t\t\t\t\t\t\t<li class=\"elementor-icon-list-item\">\n\t\t\t\t\t\t\t\t\t\t\t<a href=\"https:\/\/restaurantlapontongiurgiu.ro\/en\/confidentialitate\/\">\n\n\t\t\t\t\t\t\t\t\t\t\t<span class=\"elementor-icon-list-text\">Confiden\u021bialitate<\/span>\n\t\t\t\t\t\t\t\t\t\t\t<\/a>\n\t\t\t\t\t\t\t\t\t<\/li>\n\t\t\t\t\t\t\t\t<li class=\"elementor-icon-list-item\">\n\t\t\t\t\t\t\t\t\t\t\t<a href=\"https:\/\/restaurantlapontongiurgiu.ro\/en\/siguranta-datelor\/\">\n\n\t\t\t\t\t\t\t\t\t\t\t<span class=\"elementor-icon-list-text\">Siguran\u021ba datelor<\/span>\n\t\t\t\t\t\t\t\t\t\t\t<\/a>\n\t\t\t\t\t\t\t\t\t<\/li>\n\t\t\t\t\t\t\t\t<li class=\"elementor-icon-list-item\">\n\t\t\t\t\t\t\t\t\t\t\t<a href=\"https:\/\/restaurantlapontongiurgiu.ro\/en\/cookie\/\">\n\n\t\t\t\t\t\t\t\t\t\t\t<span class=\"elementor-icon-list-text\">Cookie<\/span>\n\t\t\t\t\t\t\t\t\t\t\t<\/a>\n\t\t\t\t\t\t\t\t\t<\/li>\n\t\t\t\t\t\t<\/ul>\n\t\t\t\t\t\t<\/div>\n\t\t\t\t<\/div>\n\t\t<div class=\"elementor-element elementor-element-cbfc991 e-con-full e-flex e-con e-child\" data-id=\"cbfc991\" data-element_type=\"container\" data-e-type=\"container\">\n\t\t\t\t<div class=\"elementor-element elementor-element-e1de6ae elementor-widget elementor-widget-heading\" data-id=\"e1de6ae\" data-element_type=\"widget\" data-e-type=\"widget\" data-widget_type=\"heading.default\">\n\t\t\t\t\t<div class=\"elementor-heading-title elementor-size-default\">Contact<\/div>\t\t\t\t<\/div>\n\t\t\t\t<div class=\"elementor-element elementor-element-f42369b elementor-icon-list--layout-traditional elementor-list-item-link-full_width elementor-widget elementor-widget-icon-list\" data-id=\"f42369b\" data-element_type=\"widget\" data-e-type=\"widget\" data-widget_type=\"icon-list.default\">\n\t\t\t\t\t\t\t<ul class=\"elementor-icon-list-items\">\n\t\t\t\t\t\t\t<li class=\"elementor-icon-list-item\">\n\t\t\t\t\t\t\t\t\t\t<span class=\"elementor-icon-list-text\">+40 371 076 880<\/span>\n\t\t\t\t\t\t\t\t\t<\/li>\n\t\t\t\t\t\t\t\t<li class=\"elementor-icon-list-item\">\n\t\t\t\t\t\t\t\t\t\t<span class=\"elementor-icon-list-text\">office@restaurantlapontongiurgiu.ro<\/span>\n\t\t\t\t\t\t\t\t\t<\/li>\n\t\t\t\t\t\t\t\t<li class=\"elementor-icon-list-item\">\n\t\t\t\t\t\t\t\t\t\t<span class=\"elementor-icon-list-text\">rezervari@restaurantlapontongiurgiu.ro<\/span>\n\t\t\t\t\t\t\t\t\t<\/li>\n\t\t\t\t\t\t<\/ul>\n\t\t\t\t\t\t<\/div>\n\t\t\t\t<\/div>\n\t\t<div class=\"elementor-element elementor-element-7819bad e-con-full e-flex e-con e-child\" data-id=\"7819bad\" data-element_type=\"container\" data-e-type=\"container\">\n\t\t\t\t<div class=\"elementor-element elementor-element-1110073 elementor-widget elementor-widget-heading\" data-id=\"1110073\" data-element_type=\"widget\" data-e-type=\"widget\" data-widget_type=\"heading.default\">\n\t\t\t\t\t<div class=\"elementor-heading-title elementor-size-default\">Adresa<\/div>\t\t\t\t<\/div>\n\t\t\t\t<div class=\"elementor-element elementor-element-008670d elementor-icon-list--layout-traditional elementor-list-item-link-full_width elementor-widget elementor-widget-icon-list\" data-id=\"008670d\" data-element_type=\"widget\" data-e-type=\"widget\" data-widget_type=\"icon-list.default\">\n\t\t\t\t\t\t\t<ul class=\"elementor-icon-list-items\">\n\t\t\t\t\t\t\t<li class=\"elementor-icon-list-item\">\n\t\t\t\t\t\t\t\t\t\t<span class=\"elementor-icon-list-text\">Fluviul Dun\u0103rea, Giurgiu<\/span>\n\t\t\t\t\t\t\t\t\t<\/li>\n\t\t\t\t\t\t<\/ul>\n\t\t\t\t\t\t<\/div>\n\t\t\t\t<div class=\"elementor-element elementor-element-317ed24 elementor-widget__width-inherit elementor-widget elementor-widget-image\" data-id=\"317ed24\" data-element_type=\"widget\" data-e-type=\"widget\" data-widget_type=\"image.default\">\n\t\t\t\t\t\t\t\t\t\t\t\t\t\t\t\t<a href=\"https:\/\/www.google.com\/maps\/place\/\/data=!4m2!3m1!1s0x40ae6724c09abc71:0x3720673db3bbd657?sa=X&#038;ved=1t:8290&#038;ictx=111\" target=\"_blank\" rel=\"noopener\">\n\t\t\t\t\t\t\t<img loading=\"lazy\" decoding=\"async\" width=\"524\" height=\"338\" src=\"https:\/\/restaurantlapontongiurgiu.ro\/wp-content\/uploads\/2024\/12\/215405fd310435f223c8800fdcfd9941.png\" class=\"attachment-large size-large wp-image-204\" alt=\"\" srcset=\"https:\/\/restaurantlapontongiurgiu.ro\/wp-content\/uploads\/2024\/12\/215405fd310435f223c8800fdcfd9941.png 524w, https:\/\/restaurantlapontongiurgiu.ro\/wp-content\/uploads\/2024\/12\/215405fd310435f223c8800fdcfd9941-300x194.png 300w\" sizes=\"(max-width: 524px) 100vw, 524px\" title=\"\">\t\t\t\t\t\t\t\t<\/a>\n\t\t\t\t\t\t\t\t\t\t\t\t\t\t\t<\/div>\n\t\t\t\t<\/div>\n\t\t<div class=\"elementor-element elementor-element-15c56c4 e-con-full e-flex e-con e-child\" data-id=\"15c56c4\" data-element_type=\"container\" data-e-type=\"container\">\n\t\t\t\t<div class=\"elementor-element elementor-element-4d936ed elementor-widget elementor-widget-heading\" data-id=\"4d936ed\" data-element_type=\"widget\" data-e-type=\"widget\" data-widget_type=\"heading.default\">\n\t\t\t\t\t<div class=\"elementor-heading-title elementor-size-default\">Urm\u0103re\u0219te-ne<\/div>\t\t\t\t<\/div>\n\t\t\t\t<div class=\"elementor-element elementor-element-fb9e7f4 e-grid-align-left elementor-widget-tablet__width-inherit elementor-shape-rounded elementor-grid-0 elementor-widget elementor-widget-social-icons\" data-id=\"fb9e7f4\" data-element_type=\"widget\" data-e-type=\"widget\" data-widget_type=\"social-icons.default\">\n\t\t\t\t\t\t\t<div class=\"elementor-social-icons-wrapper elementor-grid\" role=\"list\">\n\t\t\t\t\t\t\t<span class=\"elementor-grid-item\" role=\"listitem\">\n\t\t\t\t\t<a class=\"elementor-icon elementor-social-icon elementor-social-icon-facebook elementor-repeater-item-7c1bd74\" href=\"https:\/\/www.facebook.com\/RestaurantLaPonton\" target=\"_blank\" rel=\"noopener\">\n\t\t\t\t\t\t<span class=\"elementor-screen-only\">Facebook<\/span>\n\t\t\t\t\t\t<svg aria-hidden=\"true\" class=\"e-font-icon-svg e-fab-facebook\" viewBox=\"0 0 512 512\" xmlns=\"http:\/\/www.w3.org\/2000\/svg\"><path d=\"M504 256C504 119 393 8 256 8S8 119 8 256c0 123.78 90.69 226.38 209.25 245V327.69h-63V256h63v-54.64c0-62.15 37-96.48 93.67-96.48 27.14 0 55.52 4.84 55.52 4.84v61h-31.28c-30.8 0-40.41 19.12-40.41 38.73V256h68.78l-11 71.69h-57.78V501C413.31 482.38 504 379.78 504 256z\"><\/path><\/svg>\t\t\t\t\t<\/a>\n\t\t\t\t<\/span>\n\t\t\t\t\t\t\t<span class=\"elementor-grid-item\" role=\"listitem\">\n\t\t\t\t\t<a class=\"elementor-icon elementor-social-icon elementor-social-icon-tiktok elementor-repeater-item-4fa7b19\" href=\"https:\/\/www.tiktok.com\/@lapontongiurgiu\" target=\"_blank\" rel=\"noopener\">\n\t\t\t\t\t\t<span class=\"elementor-screen-only\">Tiktok<\/span>\n\t\t\t\t\t\t<svg aria-hidden=\"true\" class=\"e-font-icon-svg e-fab-tiktok\" viewBox=\"0 0 448 512\" xmlns=\"http:\/\/www.w3.org\/2000\/svg\"><path d=\"M448,209.91a210.06,210.06,0,0,1-122.77-39.25V349.38A162.55,162.55,0,1,1,185,188.31V278.2a74.62,74.62,0,1,0,52.23,71.18V0l88,0a121.18,121.18,0,0,0,1.86,22.17h0A122.18,122.18,0,0,0,381,102.39a121.43,121.43,0,0,0,67,20.14Z\"><\/path><\/svg>\t\t\t\t\t<\/a>\n\t\t\t\t<\/span>\n\t\t\t\t\t<\/div>\n\t\t\t\t\t\t<\/div>\n\t\t\t\t<div class=\"elementor-element elementor-element-1782fd4 elementor-widget__width-initial elementor-widget elementor-widget-image\" data-id=\"1782fd4\" data-element_type=\"widget\" data-e-type=\"widget\" data-widget_type=\"image.default\">\n\t\t\t\t\t\t\t\t\t\t\t\t\t\t\t<img loading=\"lazy\" decoding=\"async\" width=\"500\" height=\"131\" src=\"https:\/\/restaurantlapontongiurgiu.ro\/wp-content\/uploads\/2025\/01\/Solutionarea-online.webp\" class=\"attachment-large size-large wp-image-2562\" alt=\"\" srcset=\"https:\/\/restaurantlapontongiurgiu.ro\/wp-content\/uploads\/2025\/01\/Solutionarea-online.webp 500w, https:\/\/restaurantlapontongiurgiu.ro\/wp-content\/uploads\/2025\/01\/Solutionarea-online-300x79.webp 300w\" sizes=\"(max-width: 500px) 100vw, 500px\" title=\"\">\t\t\t\t\t\t\t\t\t\t\t\t\t\t\t<\/div>\n\t\t\t\t<div class=\"elementor-element elementor-element-d8a3ce6 elementor-widget__width-initial elementor-widget elementor-widget-image\" data-id=\"d8a3ce6\" data-element_type=\"widget\" data-e-type=\"widget\" data-widget_type=\"image.default\">\n\t\t\t\t\t\t\t\t\t\t\t\t\t\t\t<img loading=\"lazy\" decoding=\"async\" width=\"500\" height=\"131\" src=\"https:\/\/restaurantlapontongiurgiu.ro\/wp-content\/uploads\/2025\/01\/anpc.webp\" class=\"attachment-large size-large wp-image-2560\" alt=\"\" srcset=\"https:\/\/restaurantlapontongiurgiu.ro\/wp-content\/uploads\/2025\/01\/anpc.webp 500w, https:\/\/restaurantlapontongiurgiu.ro\/wp-content\/uploads\/2025\/01\/anpc-300x79.webp 300w\" sizes=\"(max-width: 500px) 100vw, 500px\" title=\"\">\t\t\t\t\t\t\t\t\t\t\t\t\t\t\t<\/div>\n\t\t\t\t<\/div>\n\t\t\t\t\t<\/div>\n\t\t\t\t<\/div>\n\t\t<div class=\"elementor-element elementor-element-fda6d0a e-flex e-con-boxed e-con e-parent\" data-id=\"fda6d0a\" data-element_type=\"container\" data-e-type=\"container\" data-settings=\"{&quot;background_background&quot;:&quot;classic&quot;}\">\n\t\t\t\t\t<div class=\"e-con-inner\">\n\t\t\t\t<div class=\"elementor-element elementor-element-1338adb elementor-widget__width-auto elementor-widget-mobile__width-inherit elementor-widget elementor-widget-heading\" data-id=\"1338adb\" data-element_type=\"widget\" data-e-type=\"widget\" data-widget_type=\"heading.default\">\n\t\t\t\t\t<div class=\"elementor-heading-title elementor-size-default\">Copyright \u00a9 2026 - La Ponton <\/div>\t\t\t\t<\/div>\n\t\t\t\t<div class=\"elementor-element elementor-element-771a2f3 elementor-widget__width-auto elementor-widget-mobile__width-inherit elementor-widget elementor-widget-heading\" data-id=\"771a2f3\" data-element_type=\"widget\" data-e-type=\"widget\" data-widget_type=\"heading.default\">\n\t\t\t\t\t<div class=\"elementor-heading-title elementor-size-default\">Designed by <a href=\"https:\/\/formragency.com\/\" target=\"_blank\" rel=\"noopener\"><b><span style=\"color: #E3401E\">formr agency<\/span><\/b><\/a> and Manufactured by <a href=\"https:\/\/antagonist.ro\/\" target=\"_blank\" rel=\"noopener\"> <b> <span style=\"color: #E3401E\">Antagonist Enterprise<\/span> <\/b><\/a><\/div>\t\t\t\t<\/div>\n\t\t\t\t\t<\/div>\n\t\t\t\t<\/div>\n\t\t\t\t<\/div>\n\t\t","protected":false},"excerpt":{"rendered":"<p>Acas\u0103 Despre noi Meniu Contact Politica de Retur Restaurant cu specific pesc\u0103resc. Tradi\u021bional rom\u00e2nesc. Av\u00e2nd \u00een vedere c\u0103 restaurantul La Ponton nu furnizeaz\u0103 servicii de livrare a m\u00e2nc\u0103rii, nu sunt aplicabile politici de retur pentru produse alimentare. 3.1. Politica general\u0103 de retur \u00cen cazul \u00een care un client are o problem\u0103 cu serviciile oferite direct [&hellip;]<\/p>\n","protected":false},"author":1,"featured_media":0,"parent":0,"menu_order":0,"comment_status":"closed","ping_status":"closed","template":"elementor_canvas","meta":{"footnotes":""},"class_list":["post-2513","page","type-page","status-publish","hentry"],"_links":{"self":[{"href":"https:\/\/restaurantlapontongiurgiu.ro\/en\/wp-json\/wp\/v2\/pages\/2513","targetHints":{"allow":["GET"]}}],"collection":[{"href":"https:\/\/restaurantlapontongiurgiu.ro\/en\/wp-json\/wp\/v2\/pages"}],"about":[{"href":"https:\/\/restaurantlapontongiurgiu.ro\/en\/wp-json\/wp\/v2\/types\/page"}],"author":[{"embeddable":true,"href":"https:\/\/restaurantlapontongiurgiu.ro\/en\/wp-json\/wp\/v2\/users\/1"}],"replies":[{"embeddable":true,"href":"https:\/\/restaurantlapontongiurgiu.ro\/en\/wp-json\/wp\/v2\/comments?post=2513"}],"version-history":[{"count":13,"href":"https:\/\/restaurantlapontongiurgiu.ro\/en\/wp-json\/wp\/v2\/pages\/2513\/revisions"}],"predecessor-version":[{"id":2584,"href":"https:\/\/restaurantlapontongiurgiu.ro\/en\/wp-json\/wp\/v2\/pages\/2513\/revisions\/2584"}],"wp:attachment":[{"href":"https:\/\/restaurantlapontongiurgiu.ro\/en\/wp-json\/wp\/v2\/media?parent=2513"}],"curies":[{"name":"wp","href":"https:\/\/api.w.org\/{rel}","templated":true}]}}