{"id":1712,"date":"2024-12-19T12:24:06","date_gmt":"2024-12-19T10:24:06","guid":{"rendered":"https:\/\/restaurantlapontongiurgiu.ro\/?page_id=1712"},"modified":"2026-03-29T15:47:58","modified_gmt":"2026-03-29T12:47:58","slug":"cookie","status":"publish","type":"page","link":"https:\/\/restaurantlapontongiurgiu.ro\/en\/cookie\/","title":{"rendered":"Cookie"},"content":{"rendered":"\t\t<div data-elementor-type=\"wp-page\" data-elementor-id=\"1712\" class=\"elementor elementor-1712\" data-elementor-post-type=\"page\">\n\t\t\t\t<div class=\"elementor-element elementor-element-0cdec19 e-flex e-con-boxed e-con e-parent\" data-id=\"0cdec19\" data-element_type=\"container\" data-e-type=\"container\">\n\t\t\t\t\t<div class=\"e-con-inner\">\n\t\t\t\t<div class=\"elementor-element elementor-element-e8dc6b4 elementor-icon-list--layout-inline elementor-align-end elementor-mobile-align-center elementor-widget__width-initial elementor-widget-mobile__width-auto elementor-hidden-mobile elementor-list-item-link-full_width elementor-widget elementor-widget-icon-list\" data-id=\"e8dc6b4\" data-element_type=\"widget\" data-e-type=\"widget\" data-widget_type=\"icon-list.default\">\n\t\t\t\t\t\t\t<ul class=\"elementor-icon-list-items elementor-inline-items\">\n\t\t\t\t\t\t\t<li class=\"elementor-icon-list-item elementor-inline-item\">\n\t\t\t\t\t\t\t\t\t\t\t<a href=\"https:\/\/restaurantlapontongiurgiu.ro\/en\/\">\n\n\t\t\t\t\t\t\t\t\t\t\t<span class=\"elementor-icon-list-text\">Acas\u0103<\/span>\n\t\t\t\t\t\t\t\t\t\t\t<\/a>\n\t\t\t\t\t\t\t\t\t<\/li>\n\t\t\t\t\t\t\t\t<li class=\"elementor-icon-list-item elementor-inline-item\">\n\t\t\t\t\t\t\t\t\t\t\t<a href=\"https:\/\/restaurantlapontongiurgiu.ro\/#despre-noi\">\n\n\t\t\t\t\t\t\t\t\t\t\t<span class=\"elementor-icon-list-text\">Despre noi<\/span>\n\t\t\t\t\t\t\t\t\t\t\t<\/a>\n\t\t\t\t\t\t\t\t\t<\/li>\n\t\t\t\t\t\t<\/ul>\n\t\t\t\t\t\t<\/div>\n\t\t\t\t<div class=\"elementor-element elementor-element-60f8d30 elementor-widget-mobile__width-initial elementor-widget elementor-widget-image\" data-id=\"60f8d30\" data-element_type=\"widget\" data-e-type=\"widget\" data-widget_type=\"image.default\">\n\t\t\t\t\t\t\t\t\t\t\t\t\t\t\t\t<a href=\"https:\/\/restaurantlapontongiurgiu.ro\/en\/\">\n\t\t\t\t\t\t\t<img fetchpriority=\"high\" decoding=\"async\" width=\"393\" height=\"135\" src=\"https:\/\/restaurantlapontongiurgiu.ro\/wp-content\/uploads\/2024\/12\/ponton-w.svg\" class=\"attachment-large size-large wp-image-1109\" alt=\"\" title=\"\">\t\t\t\t\t\t\t\t<\/a>\n\t\t\t\t\t\t\t\t\t\t\t\t\t\t\t<\/div>\n\t\t\t\t<div class=\"elementor-element elementor-element-838fc21 elementor-icon-list--layout-inline elementor-align-start elementor-mobile-align-center elementor-widget__width-initial elementor-widget-mobile__width-auto elementor-hidden-mobile elementor-list-item-link-full_width elementor-widget elementor-widget-icon-list\" data-id=\"838fc21\" data-element_type=\"widget\" data-e-type=\"widget\" data-widget_type=\"icon-list.default\">\n\t\t\t\t\t\t\t<ul class=\"elementor-icon-list-items elementor-inline-items\">\n\t\t\t\t\t\t\t<li class=\"elementor-icon-list-item elementor-inline-item\">\n\t\t\t\t\t\t\t\t\t\t\t<a href=\"https:\/\/restaurantlapontongiurgiu.ro\/meniu\/\">\n\n\t\t\t\t\t\t\t\t\t\t\t<span class=\"elementor-icon-list-text\">Meniu<\/span>\n\t\t\t\t\t\t\t\t\t\t\t<\/a>\n\t\t\t\t\t\t\t\t\t<\/li>\n\t\t\t\t\t\t\t\t<li class=\"elementor-icon-list-item elementor-inline-item\">\n\t\t\t\t\t\t\t\t\t\t\t<a href=\"https:\/\/restaurantlapontongiurgiu.ro\/#contact\">\n\n\t\t\t\t\t\t\t\t\t\t\t<span class=\"elementor-icon-list-text\">Contact<\/span>\n\t\t\t\t\t\t\t\t\t\t\t<\/a>\n\t\t\t\t\t\t\t\t\t<\/li>\n\t\t\t\t\t\t<\/ul>\n\t\t\t\t\t\t<\/div>\n\t\t\t\t<div class=\"elementor-element elementor-element-e6400c0 elementor-widget__width-initial elementor-widget elementor-widget-shortcode\" data-id=\"e6400c0\" data-element_type=\"widget\" data-e-type=\"widget\" data-widget_type=\"shortcode.default\">\n\t\t\t\t\t\t\t<div class=\"elementor-shortcode\">\n<div class=\"wpml-ls-statics-shortcode_actions wpml-ls wpml-ls-legacy-list-horizontal\">\n\t<ul><li class=\"wpml-ls-slot-shortcode_actions wpml-ls-item wpml-ls-item-en wpml-ls-current-language wpml-ls-first-item wpml-ls-item-legacy-list-horizontal\">\n\t\t\t\t<a href=\"https:\/\/restaurantlapontongiurgiu.ro\/en\/\" class=\"wpml-ls-link\">\n                                                        <img decoding=\"async\" src=\"https:\/\/restaurantlapontongiurgiu.ro\/wp-content\/plugins\/sitepress-multilingual-cms\/res\/flags\/en.png\" alt=\"English\" class=\"wpml-ls-flag\" width=\"18\" height=\"12\" title=\"\"><\/a>\n\t\t\t<\/li><li class=\"wpml-ls-slot-shortcode_actions wpml-ls-item wpml-ls-item-ro wpml-ls-last-item wpml-ls-item-legacy-list-horizontal\">\n\t\t\t\t<a href=\"https:\/\/restaurantlapontongiurgiu.ro\/\" class=\"wpml-ls-link\">\n                                                        <img decoding=\"async\" src=\"https:\/\/restaurantlapontongiurgiu.ro\/wp-content\/plugins\/sitepress-multilingual-cms\/res\/flags\/ro.png\" alt=\"Romanian\" class=\"wpml-ls-flag\" width=\"18\" height=\"12\" title=\"\"><\/a>\n\t\t\t<\/li><\/ul>\n<\/div>\n<\/div>\n\t\t\t\t\t\t<\/div>\n\t\t\t\t<div class=\"elementor-element elementor-element-c64f9f4 elementor-widget-mobile__width-initial elementor-hidden-desktop elementor-hidden-laptop elementor-hidden-tablet elementor-view-default elementor-widget elementor-widget-icon\" data-id=\"c64f9f4\" data-element_type=\"widget\" data-e-type=\"widget\" data-widget_type=\"icon.default\">\n\t\t\t\t\t\t\t<div class=\"elementor-icon-wrapper\">\n\t\t\t<a class=\"elementor-icon\" href=\"#elementor-action%3Aaction%3Dpopup%3Aopen%26settings%3DeyJpZCI6IjE2MzEiLCJ0b2dnbGUiOmZhbHNlfQ%3D%3D\">\n\t\t\t<svg aria-hidden=\"true\" class=\"e-font-icon-svg e-fas-bars\" viewBox=\"0 0 448 512\" xmlns=\"http:\/\/www.w3.org\/2000\/svg\"><path d=\"M16 132h416c8.837 0 16-7.163 16-16V76c0-8.837-7.163-16-16-16H16C7.163 60 0 67.163 0 76v40c0 8.837 7.163 16 16 16zm0 160h416c8.837 0 16-7.163 16-16v-40c0-8.837-7.163-16-16-16H16c-8.837 0-16 7.163-16 16v40c0 8.837 7.163 16 16 16zm0 160h416c8.837 0 16-7.163 16-16v-40c0-8.837-7.163-16-16-16H16c-8.837 0-16 7.163-16 16v40c0 8.837 7.163 16 16 16z\"><\/path><\/svg>\t\t\t<\/a>\n\t\t<\/div>\n\t\t\t\t\t\t<\/div>\n\t\t\t\t\t<\/div>\n\t\t\t\t<\/div>\n\t\t<section class=\"elementor-element elementor-element-a9ff283 e-flex e-con-boxed e-con e-parent\" data-id=\"a9ff283\" data-element_type=\"container\" data-e-type=\"container\" data-settings=\"{&quot;background_background&quot;:&quot;classic&quot;}\">\n\t\t\t\t\t<div class=\"e-con-inner\">\n\t\t\t\t<div class=\"elementor-element elementor-element-fc617af elementor-widget elementor-widget-heading\" data-id=\"fc617af\" data-element_type=\"widget\" data-e-type=\"widget\" data-widget_type=\"heading.default\">\n\t\t\t\t\t<h1 class=\"elementor-heading-title elementor-size-default\">Cookie<\/h1>\t\t\t\t<\/div>\n\t\t\t\t<div class=\"elementor-element elementor-element-3f0ca2d elementor-widget__width-inherit elementor-widget elementor-widget-heading\" data-id=\"3f0ca2d\" data-element_type=\"widget\" data-e-type=\"widget\" data-widget_type=\"heading.default\">\n\t\t\t\t\t<h2 class=\"elementor-heading-title elementor-size-default\">Restaurant cu <b>specific pesc\u0103resc<\/b>. Tradi\u021bional <b>rom\u00e2nesc<\/b>.<\/h2>\t\t\t\t<\/div>\n\t\t\t\t\t<\/div>\n\t\t\t\t<\/section>\n\t\t<section class=\"elementor-element elementor-element-7b1e618 e-flex e-con-boxed e-con e-parent\" data-id=\"7b1e618\" data-element_type=\"container\" data-e-type=\"container\">\n\t\t\t\t\t<div class=\"e-con-inner\">\n\t\t\t\t<div class=\"elementor-element elementor-element-56314f5 elementor-widget__width-inherit elementor-widget elementor-widget-text-editor\" data-id=\"56314f5\" data-element_type=\"widget\" data-e-type=\"widget\" data-widget_type=\"text-editor.default\">\n\t\t\t\t\t\t\t\t\t<p><b>Ce sunt cookie-urile?<br \/><\/b>Cookie-urile sunt fi\u0219iere mici de text plasate pe dispozitivul dvs. (computer, laptop, tablet\u0103 sau smartphone) atunci c\u00e2nd vizita\u021bi un site web. Acestea sunt utilizate pentru a permite site-ului s\u0103 func\u021bioneze mai eficient, pentru a \u00eembun\u0103t\u0103\u021bi experien\u021ba utilizatorului \u0219i pentru a furniza informa\u021bii de c\u0103tre proprietarul site-ului.<\/p><p><b>Cum folosim cookie-urile?<br \/><\/b>Utiliz\u0103m cookie-urile pentru a \u00een\u021belege mai bine modul \u00een care utiliza\u021bi site-ul nostru \u0219i pentru a v\u0103 oferi o experien\u021b\u0103 mai personalizat\u0103. Acestea pot fi utilizate pentru a:<\/p><ul><li>P\u0103stra sesiunile utilizatorului active<\/li><li>Salva preferin\u021bele utilizatorului pentru a oferi o experien\u021b\u0103 personalizat\u0103<\/li><li>Analiza modul \u00een care utilizatorii interac\u021bioneaz\u0103 cu site-ul nostru \u0219i pentru a \u00eembun\u0103t\u0103\u021bi func\u021bionarea acestuia<\/li><li>\u00cembun\u0103t\u0103\u021bi performan\u021ba \u0219i viteza site-ului nostru<\/li><\/ul><p>Le folosim pentru imbuntatirea experientei online si personalizarea continutului pe care ti-l oferim zi de zi. O parte dintre ele sunt obligatorii, cum sunt cele necesare, care ajuta la buna functionare a site-ului. In sectiunea dedicata din acest mesaj, poti selecta cookie-urile pe care le accepti.<\/p><p><b><\/b>Nu uita ca un cookie te ajuta:<\/p><ul><li>sa primesti recomandarile si ofertele potrivite<\/li><li>sa afli cand scade pretul la produsele tale Favorite<\/li><li>sa ai o buna experienta de navigare si cumparare online.<\/li><\/ul><p>Dezactivarea anumitor cookie-uri poate afecta utilizarea site-ului si a serviciilor noastre.<\/p><p>Ce tipuri de cookie-uri folosim?<br \/>Cookie-urile folosite pe restaurantlapontongiurgiu.ro pot fi \u00eemp\u0103r\u021bite \u00een urm\u0103toarele categorii:<\/p><p><b>Cookie-uri functionale<br \/><\/b>Sunt toate esentiale pentru functionarea site-ului si trebuie sa ramana active in sistemul nostru.<\/p><div><p>Ele sunt create pentru a raspunde actiunilor tale. Datorita acestor cookie-uri:<\/p><ul><li>ai acces la toate sectiunile site-ului si poti intra in contul tau<\/li><li>alegi setarile de confidentialitate<\/li><li>plasezi comenzile simplu si in siguranta.<\/li><\/ul><div>\u00a0<\/div><div><b>Cookie-uri de analiza<br \/><\/b>Sunt cookie-uri anonime prin care analizam date despre pagini vizualizate, traseul si actiunile utilizatorilor in site.\u00a0<\/div><div><p>Datorita acestor cookie-uri putem evalua rezultatele de trafic online si oferi o experienta mai buna celor care acceseaza website-ul. De asemenea, putem afla ce rata de deschidere au emailurile trimise catre abonati si ce recomandari de produse i-ar ajuta. Cu ajutorul acestor tehnologii:<\/p><ul><li>colectam informatii anonime despre cele mai vizitate zone<\/li><li>analizam interactiunea utilizatorilor cu site-ul si incercam s-o imbunatatim<\/li><\/ul><\/div><\/div>\t\t\t\t\t\t\t\t<\/div>\n\t\t\t\t\t<\/div>\n\t\t\t\t<\/section>\n\t\t<div class=\"elementor-element elementor-element-9070843 e-flex e-con-boxed e-con e-parent\" data-id=\"9070843\" data-element_type=\"container\" data-e-type=\"container\" data-settings=\"{&quot;background_background&quot;:&quot;classic&quot;}\">\n\t\t\t\t\t<div class=\"e-con-inner\">\n\t\t\t\t<div class=\"elementor-element elementor-element-2c9dbf0 elementor-widget__width-initial elementor-widget-tablet__width-initial elementor-widget elementor-widget-image\" data-id=\"2c9dbf0\" data-element_type=\"widget\" data-e-type=\"widget\" data-widget_type=\"image.default\">\n\t\t\t\t\t\t\t\t\t\t\t\t\t\t\t\t<a href=\"https:\/\/restaurantlapontongiurgiu.ro\/en\/\">\n\t\t\t\t\t\t\t<img fetchpriority=\"high\" decoding=\"async\" width=\"393\" height=\"135\" src=\"https:\/\/restaurantlapontongiurgiu.ro\/wp-content\/uploads\/2024\/12\/ponton-w.svg\" class=\"attachment-large size-large wp-image-1109\" alt=\"\" title=\"\">\t\t\t\t\t\t\t\t<\/a>\n\t\t\t\t\t\t\t\t\t\t\t\t\t\t\t<\/div>\n\t\t<div class=\"elementor-element elementor-element-565d9bd e-con-full e-flex e-con e-child\" data-id=\"565d9bd\" data-element_type=\"container\" data-e-type=\"container\">\n\t\t\t\t<div class=\"elementor-element elementor-element-438d967 elementor-widget-tablet__width-inherit elementor-widget elementor-widget-heading\" data-id=\"438d967\" data-element_type=\"widget\" data-e-type=\"widget\" data-widget_type=\"heading.default\">\n\t\t\t\t\t<div class=\"elementor-heading-title elementor-size-default\">Utile<\/div>\t\t\t\t<\/div>\n\t\t\t\t<div class=\"elementor-element elementor-element-98b1531 elementor-widget-tablet__width-inherit elementor-icon-list--layout-traditional elementor-list-item-link-full_width elementor-widget elementor-widget-icon-list\" data-id=\"98b1531\" data-element_type=\"widget\" data-e-type=\"widget\" data-widget_type=\"icon-list.default\">\n\t\t\t\t\t\t\t<ul class=\"elementor-icon-list-items\">\n\t\t\t\t\t\t\t<li class=\"elementor-icon-list-item\">\n\t\t\t\t\t\t\t\t\t\t\t<a href=\"https:\/\/restaurantlapontongiurgiu.ro\/en\/\">\n\n\t\t\t\t\t\t\t\t\t\t\t<span class=\"elementor-icon-list-text\">Acas\u0103<\/span>\n\t\t\t\t\t\t\t\t\t\t\t<\/a>\n\t\t\t\t\t\t\t\t\t<\/li>\n\t\t\t\t\t\t\t\t<li class=\"elementor-icon-list-item\">\n\t\t\t\t\t\t\t\t\t\t\t<a href=\"https:\/\/restaurantlapontongiurgiu.ro\/#despre-noi\">\n\n\t\t\t\t\t\t\t\t\t\t\t<span class=\"elementor-icon-list-text\">Despre noi<\/span>\n\t\t\t\t\t\t\t\t\t\t\t<\/a>\n\t\t\t\t\t\t\t\t\t<\/li>\n\t\t\t\t\t\t\t\t<li class=\"elementor-icon-list-item\">\n\t\t\t\t\t\t\t\t\t\t\t<a href=\"https:\/\/restaurantlapontongiurgiu.ro\/meniu\/\">\n\n\t\t\t\t\t\t\t\t\t\t\t<span class=\"elementor-icon-list-text\"><b>Meniu<\/b><\/span>\n\t\t\t\t\t\t\t\t\t\t\t<\/a>\n\t\t\t\t\t\t\t\t\t<\/li>\n\t\t\t\t\t\t\t\t<li class=\"elementor-icon-list-item\">\n\t\t\t\t\t\t\t\t\t\t\t<a href=\"https:\/\/restaurantlapontongiurgiu.ro\/#contact\">\n\n\t\t\t\t\t\t\t\t\t\t\t<span class=\"elementor-icon-list-text\">Contact<\/span>\n\t\t\t\t\t\t\t\t\t\t\t<\/a>\n\t\t\t\t\t\t\t\t\t<\/li>\n\t\t\t\t\t\t<\/ul>\n\t\t\t\t\t\t<\/div>\n\t\t\t\t<\/div>\n\t\t<div class=\"elementor-element elementor-element-49a16d2 e-con-full e-flex e-con e-child\" data-id=\"49a16d2\" data-element_type=\"container\" data-e-type=\"container\">\n\t\t\t\t<div class=\"elementor-element elementor-element-3ebac3d elementor-widget-tablet__width-inherit elementor-widget elementor-widget-heading\" data-id=\"3ebac3d\" data-element_type=\"widget\" data-e-type=\"widget\" data-widget_type=\"heading.default\">\n\t\t\t\t\t<div class=\"elementor-heading-title elementor-size-default\">T&amp;C<\/div>\t\t\t\t<\/div>\n\t\t\t\t<div class=\"elementor-element elementor-element-b044838 elementor-widget-tablet__width-inherit elementor-icon-list--layout-traditional elementor-list-item-link-full_width elementor-widget elementor-widget-icon-list\" data-id=\"b044838\" data-element_type=\"widget\" data-e-type=\"widget\" data-widget_type=\"icon-list.default\">\n\t\t\t\t\t\t\t<ul class=\"elementor-icon-list-items\">\n\t\t\t\t\t\t\t<li class=\"elementor-icon-list-item\">\n\t\t\t\t\t\t\t\t\t\t\t<a href=\"https:\/\/restaurantlapontongiurgiu.ro\/en\/termeni-si-conditii\/\">\n\n\t\t\t\t\t\t\t\t\t\t\t<span class=\"elementor-icon-list-text\">Termeni \u0219i Condi\u021bii<\/span>\n\t\t\t\t\t\t\t\t\t\t\t<\/a>\n\t\t\t\t\t\t\t\t\t<\/li>\n\t\t\t\t\t\t\t\t<li class=\"elementor-icon-list-item\">\n\t\t\t\t\t\t\t\t\t\t\t<a href=\"https:\/\/restaurantlapontongiurgiu.ro\/en\/confidentialitate\/\">\n\n\t\t\t\t\t\t\t\t\t\t\t<span class=\"elementor-icon-list-text\">Confiden\u021bialitate<\/span>\n\t\t\t\t\t\t\t\t\t\t\t<\/a>\n\t\t\t\t\t\t\t\t\t<\/li>\n\t\t\t\t\t\t\t\t<li class=\"elementor-icon-list-item\">\n\t\t\t\t\t\t\t\t\t\t\t<a href=\"https:\/\/restaurantlapontongiurgiu.ro\/en\/siguranta-datelor\/\">\n\n\t\t\t\t\t\t\t\t\t\t\t<span class=\"elementor-icon-list-text\">Siguran\u021ba datelor<\/span>\n\t\t\t\t\t\t\t\t\t\t\t<\/a>\n\t\t\t\t\t\t\t\t\t<\/li>\n\t\t\t\t\t\t\t\t<li class=\"elementor-icon-list-item\">\n\t\t\t\t\t\t\t\t\t\t\t<a href=\"https:\/\/restaurantlapontongiurgiu.ro\/en\/cookie\/\">\n\n\t\t\t\t\t\t\t\t\t\t\t<span class=\"elementor-icon-list-text\">Cookie<\/span>\n\t\t\t\t\t\t\t\t\t\t\t<\/a>\n\t\t\t\t\t\t\t\t\t<\/li>\n\t\t\t\t\t\t<\/ul>\n\t\t\t\t\t\t<\/div>\n\t\t\t\t<\/div>\n\t\t<div class=\"elementor-element elementor-element-ae70144 e-con-full e-flex e-con e-child\" data-id=\"ae70144\" data-element_type=\"container\" data-e-type=\"container\">\n\t\t\t\t<div class=\"elementor-element elementor-element-31fae05 elementor-widget elementor-widget-heading\" data-id=\"31fae05\" data-element_type=\"widget\" data-e-type=\"widget\" data-widget_type=\"heading.default\">\n\t\t\t\t\t<div class=\"elementor-heading-title elementor-size-default\">Contact<\/div>\t\t\t\t<\/div>\n\t\t\t\t<div class=\"elementor-element elementor-element-74d7b9d elementor-icon-list--layout-traditional elementor-list-item-link-full_width elementor-widget elementor-widget-icon-list\" data-id=\"74d7b9d\" data-element_type=\"widget\" data-e-type=\"widget\" data-widget_type=\"icon-list.default\">\n\t\t\t\t\t\t\t<ul class=\"elementor-icon-list-items\">\n\t\t\t\t\t\t\t<li class=\"elementor-icon-list-item\">\n\t\t\t\t\t\t\t\t\t\t<span class=\"elementor-icon-list-text\">+40 745 189 584<\/span>\n\t\t\t\t\t\t\t\t\t<\/li>\n\t\t\t\t\t\t\t\t<li class=\"elementor-icon-list-item\">\n\t\t\t\t\t\t\t\t\t\t<span class=\"elementor-icon-list-text\">office@restaurantlapontongiurgiu.ro<\/span>\n\t\t\t\t\t\t\t\t\t<\/li>\n\t\t\t\t\t\t\t\t<li class=\"elementor-icon-list-item\">\n\t\t\t\t\t\t\t\t\t\t<span class=\"elementor-icon-list-text\">rezervari@restaurantlapontongiurgiu.ro<\/span>\n\t\t\t\t\t\t\t\t\t<\/li>\n\t\t\t\t\t\t<\/ul>\n\t\t\t\t\t\t<\/div>\n\t\t\t\t<\/div>\n\t\t<div class=\"elementor-element elementor-element-5cb9763 e-con-full e-flex e-con e-child\" data-id=\"5cb9763\" data-element_type=\"container\" data-e-type=\"container\">\n\t\t\t\t<div class=\"elementor-element elementor-element-8bcf0b4 elementor-widget elementor-widget-heading\" data-id=\"8bcf0b4\" data-element_type=\"widget\" data-e-type=\"widget\" data-widget_type=\"heading.default\">\n\t\t\t\t\t<div class=\"elementor-heading-title elementor-size-default\">Adresa<\/div>\t\t\t\t<\/div>\n\t\t\t\t<div class=\"elementor-element elementor-element-7e20115 elementor-icon-list--layout-traditional elementor-list-item-link-full_width elementor-widget elementor-widget-icon-list\" data-id=\"7e20115\" data-element_type=\"widget\" data-e-type=\"widget\" data-widget_type=\"icon-list.default\">\n\t\t\t\t\t\t\t<ul class=\"elementor-icon-list-items\">\n\t\t\t\t\t\t\t<li class=\"elementor-icon-list-item\">\n\t\t\t\t\t\t\t\t\t\t<span class=\"elementor-icon-list-text\">Fluviul Dun\u0103rea, Giurgiu<\/span>\n\t\t\t\t\t\t\t\t\t<\/li>\n\t\t\t\t\t\t<\/ul>\n\t\t\t\t\t\t<\/div>\n\t\t\t\t<div class=\"elementor-element elementor-element-ba024a9 elementor-widget__width-inherit elementor-widget elementor-widget-image\" data-id=\"ba024a9\" data-element_type=\"widget\" data-e-type=\"widget\" data-widget_type=\"image.default\">\n\t\t\t\t\t\t\t\t\t\t\t\t\t\t\t\t<a href=\"https:\/\/www.google.com\/maps\/place\/\/data=!4m2!3m1!1s0x40ae6724c09abc71:0x3720673db3bbd657?sa=X&#038;ved=1t:8290&#038;ictx=111\" target=\"_blank\" rel=\"noopener\">\n\t\t\t\t\t\t\t<img loading=\"lazy\" decoding=\"async\" width=\"524\" height=\"338\" src=\"https:\/\/restaurantlapontongiurgiu.ro\/wp-content\/uploads\/2024\/12\/215405fd310435f223c8800fdcfd9941.png\" class=\"attachment-large size-large wp-image-204\" alt=\"\" srcset=\"https:\/\/restaurantlapontongiurgiu.ro\/wp-content\/uploads\/2024\/12\/215405fd310435f223c8800fdcfd9941.png 524w, https:\/\/restaurantlapontongiurgiu.ro\/wp-content\/uploads\/2024\/12\/215405fd310435f223c8800fdcfd9941-300x194.png 300w\" sizes=\"(max-width: 524px) 100vw, 524px\" title=\"\">\t\t\t\t\t\t\t\t<\/a>\n\t\t\t\t\t\t\t\t\t\t\t\t\t\t\t<\/div>\n\t\t\t\t<\/div>\n\t\t<div class=\"elementor-element elementor-element-2775e1c e-con-full e-flex e-con e-child\" data-id=\"2775e1c\" data-element_type=\"container\" data-e-type=\"container\">\n\t\t\t\t<div class=\"elementor-element elementor-element-34d9115 elementor-widget elementor-widget-heading\" data-id=\"34d9115\" data-element_type=\"widget\" data-e-type=\"widget\" data-widget_type=\"heading.default\">\n\t\t\t\t\t<div class=\"elementor-heading-title elementor-size-default\">Urm\u0103re\u0219te-ne<\/div>\t\t\t\t<\/div>\n\t\t\t\t<div class=\"elementor-element elementor-element-30f3244 e-grid-align-left elementor-widget-tablet__width-inherit elementor-shape-rounded elementor-grid-0 elementor-widget elementor-widget-social-icons\" data-id=\"30f3244\" data-element_type=\"widget\" data-e-type=\"widget\" data-widget_type=\"social-icons.default\">\n\t\t\t\t\t\t\t<div class=\"elementor-social-icons-wrapper elementor-grid\" role=\"list\">\n\t\t\t\t\t\t\t<span class=\"elementor-grid-item\" role=\"listitem\">\n\t\t\t\t\t<a class=\"elementor-icon elementor-social-icon elementor-social-icon-facebook elementor-repeater-item-7c1bd74\" href=\"https:\/\/www.facebook.com\/RestaurantLaPonton\" target=\"_blank\" rel=\"noopener\">\n\t\t\t\t\t\t<span class=\"elementor-screen-only\">Facebook<\/span>\n\t\t\t\t\t\t<svg aria-hidden=\"true\" class=\"e-font-icon-svg e-fab-facebook\" viewBox=\"0 0 512 512\" xmlns=\"http:\/\/www.w3.org\/2000\/svg\"><path d=\"M504 256C504 119 393 8 256 8S8 119 8 256c0 123.78 90.69 226.38 209.25 245V327.69h-63V256h63v-54.64c0-62.15 37-96.48 93.67-96.48 27.14 0 55.52 4.84 55.52 4.84v61h-31.28c-30.8 0-40.41 19.12-40.41 38.73V256h68.78l-11 71.69h-57.78V501C413.31 482.38 504 379.78 504 256z\"><\/path><\/svg>\t\t\t\t\t<\/a>\n\t\t\t\t<\/span>\n\t\t\t\t\t\t\t<span class=\"elementor-grid-item\" role=\"listitem\">\n\t\t\t\t\t<a class=\"elementor-icon elementor-social-icon elementor-social-icon-tiktok elementor-repeater-item-4fa7b19\" href=\"https:\/\/www.tiktok.com\/@lapontongiurgiu\" target=\"_blank\" rel=\"noopener\">\n\t\t\t\t\t\t<span class=\"elementor-screen-only\">Tiktok<\/span>\n\t\t\t\t\t\t<svg aria-hidden=\"true\" class=\"e-font-icon-svg e-fab-tiktok\" viewBox=\"0 0 448 512\" xmlns=\"http:\/\/www.w3.org\/2000\/svg\"><path d=\"M448,209.91a210.06,210.06,0,0,1-122.77-39.25V349.38A162.55,162.55,0,1,1,185,188.31V278.2a74.62,74.62,0,1,0,52.23,71.18V0l88,0a121.18,121.18,0,0,0,1.86,22.17h0A122.18,122.18,0,0,0,381,102.39a121.43,121.43,0,0,0,67,20.14Z\"><\/path><\/svg>\t\t\t\t\t<\/a>\n\t\t\t\t<\/span>\n\t\t\t\t\t<\/div>\n\t\t\t\t\t\t<\/div>\n\t\t\t\t<div class=\"elementor-element elementor-element-8680b90 elementor-widget__width-initial elementor-widget elementor-widget-image\" data-id=\"8680b90\" data-element_type=\"widget\" data-e-type=\"widget\" data-widget_type=\"image.default\">\n\t\t\t\t\t\t\t\t\t\t\t\t\t\t\t<img loading=\"lazy\" decoding=\"async\" width=\"500\" height=\"131\" src=\"https:\/\/restaurantlapontongiurgiu.ro\/wp-content\/uploads\/2025\/01\/Solutionarea-online.webp\" class=\"attachment-large size-large wp-image-2562\" alt=\"\" srcset=\"https:\/\/restaurantlapontongiurgiu.ro\/wp-content\/uploads\/2025\/01\/Solutionarea-online.webp 500w, https:\/\/restaurantlapontongiurgiu.ro\/wp-content\/uploads\/2025\/01\/Solutionarea-online-300x79.webp 300w\" sizes=\"(max-width: 500px) 100vw, 500px\" title=\"\">\t\t\t\t\t\t\t\t\t\t\t\t\t\t\t<\/div>\n\t\t\t\t<div class=\"elementor-element elementor-element-fe0d549 elementor-widget__width-initial elementor-widget elementor-widget-image\" data-id=\"fe0d549\" data-element_type=\"widget\" data-e-type=\"widget\" data-widget_type=\"image.default\">\n\t\t\t\t\t\t\t\t\t\t\t\t\t\t\t<img loading=\"lazy\" decoding=\"async\" width=\"500\" height=\"131\" src=\"https:\/\/restaurantlapontongiurgiu.ro\/wp-content\/uploads\/2025\/01\/anpc.webp\" class=\"attachment-large size-large wp-image-2560\" alt=\"\" srcset=\"https:\/\/restaurantlapontongiurgiu.ro\/wp-content\/uploads\/2025\/01\/anpc.webp 500w, https:\/\/restaurantlapontongiurgiu.ro\/wp-content\/uploads\/2025\/01\/anpc-300x79.webp 300w\" sizes=\"(max-width: 500px) 100vw, 500px\" title=\"\">\t\t\t\t\t\t\t\t\t\t\t\t\t\t\t<\/div>\n\t\t\t\t<\/div>\n\t\t\t\t\t<\/div>\n\t\t\t\t<\/div>\n\t\t<div class=\"elementor-element elementor-element-ee4d2ad e-flex e-con-boxed e-con e-parent\" data-id=\"ee4d2ad\" data-element_type=\"container\" data-e-type=\"container\" data-settings=\"{&quot;background_background&quot;:&quot;classic&quot;}\">\n\t\t\t\t\t<div class=\"e-con-inner\">\n\t\t\t\t<div class=\"elementor-element elementor-element-69da3c6 elementor-widget__width-auto elementor-widget-mobile__width-inherit elementor-widget elementor-widget-heading\" data-id=\"69da3c6\" data-element_type=\"widget\" data-e-type=\"widget\" data-widget_type=\"heading.default\">\n\t\t\t\t\t<div class=\"elementor-heading-title elementor-size-default\">Copyright \u00a9 2026 - La Ponton <\/div>\t\t\t\t<\/div>\n\t\t\t\t<div class=\"elementor-element elementor-element-7feaebf elementor-widget__width-auto elementor-widget-mobile__width-inherit elementor-widget elementor-widget-heading\" data-id=\"7feaebf\" data-element_type=\"widget\" data-e-type=\"widget\" data-widget_type=\"heading.default\">\n\t\t\t\t\t<div class=\"elementor-heading-title elementor-size-default\">Designed by <a href=\"https:\/\/formragency.com\/\" target=\"_blank\" rel=\"noopener\"><b><span style=\"color: #E3401E\">formr agency<\/span><\/b><\/a> and Manufactured by <a href=\"https:\/\/antagonist.ro\/\" target=\"_blank\" rel=\"noopener\"> <b> <span style=\"color: #E3401E\">Antagonist Enterprise<\/span> <\/b><\/a><\/div>\t\t\t\t<\/div>\n\t\t\t\t\t<\/div>\n\t\t\t\t<\/div>\n\t\t\t\t<\/div>\n\t\t","protected":false},"excerpt":{"rendered":"<p>Acas\u0103 Despre noi Meniu Contact Cookie Restaurant cu specific pesc\u0103resc. Tradi\u021bional rom\u00e2nesc. Ce sunt cookie-urile?Cookie-urile sunt fi\u0219iere mici de text plasate pe dispozitivul dvs. (computer, laptop, tablet\u0103 sau smartphone) atunci c\u00e2nd vizita\u021bi un site web. Acestea sunt utilizate pentru a permite site-ului s\u0103 func\u021bioneze mai eficient, pentru a \u00eembun\u0103t\u0103\u021bi experien\u021ba utilizatorului \u0219i pentru a furniza [&hellip;]<\/p>\n","protected":false},"author":1,"featured_media":0,"parent":0,"menu_order":0,"comment_status":"closed","ping_status":"closed","template":"elementor_canvas","meta":{"footnotes":""},"class_list":["post-1712","page","type-page","status-publish","hentry"],"_links":{"self":[{"href":"https:\/\/restaurantlapontongiurgiu.ro\/en\/wp-json\/wp\/v2\/pages\/1712","targetHints":{"allow":["GET"]}}],"collection":[{"href":"https:\/\/restaurantlapontongiurgiu.ro\/en\/wp-json\/wp\/v2\/pages"}],"about":[{"href":"https:\/\/restaurantlapontongiurgiu.ro\/en\/wp-json\/wp\/v2\/types\/page"}],"author":[{"embeddable":true,"href":"https:\/\/restaurantlapontongiurgiu.ro\/en\/wp-json\/wp\/v2\/users\/1"}],"replies":[{"embeddable":true,"href":"https:\/\/restaurantlapontongiurgiu.ro\/en\/wp-json\/wp\/v2\/comments?post=1712"}],"version-history":[{"count":15,"href":"https:\/\/restaurantlapontongiurgiu.ro\/en\/wp-json\/wp\/v2\/pages\/1712\/revisions"}],"predecessor-version":[{"id":3173,"href":"https:\/\/restaurantlapontongiurgiu.ro\/en\/wp-json\/wp\/v2\/pages\/1712\/revisions\/3173"}],"wp:attachment":[{"href":"https:\/\/restaurantlapontongiurgiu.ro\/en\/wp-json\/wp\/v2\/media?parent=1712"}],"curies":[{"name":"wp","href":"https:\/\/api.w.org\/{rel}","templated":true}]}}