{"id":1708,"date":"2024-12-19T12:23:45","date_gmt":"2024-12-19T10:23:45","guid":{"rendered":"https:\/\/restaurantlapontongiurgiu.ro\/?page_id=1708"},"modified":"2026-03-29T15:47:01","modified_gmt":"2026-03-29T12:47:01","slug":"confidentialitate","status":"publish","type":"page","link":"https:\/\/restaurantlapontongiurgiu.ro\/en\/confidentialitate\/","title":{"rendered":"Confiden\u021bialitate"},"content":{"rendered":"\t\t<div data-elementor-type=\"wp-page\" data-elementor-id=\"1708\" class=\"elementor elementor-1708\" data-elementor-post-type=\"page\">\n\t\t\t\t<div class=\"elementor-element elementor-element-e9912c3 e-flex e-con-boxed e-con e-parent\" data-id=\"e9912c3\" data-element_type=\"container\" data-e-type=\"container\">\n\t\t\t\t\t<div class=\"e-con-inner\">\n\t\t\t\t<div class=\"elementor-element elementor-element-484b6a3 elementor-icon-list--layout-inline elementor-align-end elementor-mobile-align-center elementor-widget__width-initial elementor-widget-mobile__width-auto elementor-hidden-mobile elementor-list-item-link-full_width elementor-widget elementor-widget-icon-list\" data-id=\"484b6a3\" data-element_type=\"widget\" data-e-type=\"widget\" data-widget_type=\"icon-list.default\">\n\t\t\t\t\t\t\t<ul class=\"elementor-icon-list-items elementor-inline-items\">\n\t\t\t\t\t\t\t<li class=\"elementor-icon-list-item elementor-inline-item\">\n\t\t\t\t\t\t\t\t\t\t\t<a href=\"https:\/\/restaurantlapontongiurgiu.ro\/en\/\">\n\n\t\t\t\t\t\t\t\t\t\t\t<span class=\"elementor-icon-list-text\">Acas\u0103<\/span>\n\t\t\t\t\t\t\t\t\t\t\t<\/a>\n\t\t\t\t\t\t\t\t\t<\/li>\n\t\t\t\t\t\t\t\t<li class=\"elementor-icon-list-item elementor-inline-item\">\n\t\t\t\t\t\t\t\t\t\t\t<a href=\"https:\/\/restaurantlapontongiurgiu.ro\/#despre-noi\">\n\n\t\t\t\t\t\t\t\t\t\t\t<span class=\"elementor-icon-list-text\">Despre noi<\/span>\n\t\t\t\t\t\t\t\t\t\t\t<\/a>\n\t\t\t\t\t\t\t\t\t<\/li>\n\t\t\t\t\t\t<\/ul>\n\t\t\t\t\t\t<\/div>\n\t\t\t\t<div class=\"elementor-element elementor-element-0126914 elementor-widget-mobile__width-initial elementor-widget elementor-widget-image\" data-id=\"0126914\" data-element_type=\"widget\" data-e-type=\"widget\" data-widget_type=\"image.default\">\n\t\t\t\t\t\t\t\t\t\t\t\t\t\t\t\t<a href=\"https:\/\/restaurantlapontongiurgiu.ro\/en\/\">\n\t\t\t\t\t\t\t<img fetchpriority=\"high\" decoding=\"async\" width=\"393\" height=\"135\" src=\"https:\/\/restaurantlapontongiurgiu.ro\/wp-content\/uploads\/2024\/12\/ponton-w.svg\" class=\"attachment-large size-large wp-image-1109\" alt=\"\" title=\"\">\t\t\t\t\t\t\t\t<\/a>\n\t\t\t\t\t\t\t\t\t\t\t\t\t\t\t<\/div>\n\t\t\t\t<div class=\"elementor-element elementor-element-06f9ec9 elementor-icon-list--layout-inline elementor-align-start elementor-mobile-align-center elementor-widget__width-initial elementor-widget-mobile__width-auto elementor-hidden-mobile elementor-list-item-link-full_width elementor-widget elementor-widget-icon-list\" data-id=\"06f9ec9\" data-element_type=\"widget\" data-e-type=\"widget\" data-widget_type=\"icon-list.default\">\n\t\t\t\t\t\t\t<ul class=\"elementor-icon-list-items elementor-inline-items\">\n\t\t\t\t\t\t\t<li class=\"elementor-icon-list-item elementor-inline-item\">\n\t\t\t\t\t\t\t\t\t\t\t<a href=\"https:\/\/restaurantlapontongiurgiu.ro\/meniu\/\">\n\n\t\t\t\t\t\t\t\t\t\t\t<span class=\"elementor-icon-list-text\">Meniu<\/span>\n\t\t\t\t\t\t\t\t\t\t\t<\/a>\n\t\t\t\t\t\t\t\t\t<\/li>\n\t\t\t\t\t\t\t\t<li class=\"elementor-icon-list-item elementor-inline-item\">\n\t\t\t\t\t\t\t\t\t\t\t<a href=\"https:\/\/restaurantlapontongiurgiu.ro\/#contact\">\n\n\t\t\t\t\t\t\t\t\t\t\t<span class=\"elementor-icon-list-text\">Contact<\/span>\n\t\t\t\t\t\t\t\t\t\t\t<\/a>\n\t\t\t\t\t\t\t\t\t<\/li>\n\t\t\t\t\t\t<\/ul>\n\t\t\t\t\t\t<\/div>\n\t\t\t\t<div class=\"elementor-element elementor-element-bc0fbb7 elementor-widget__width-initial elementor-widget elementor-widget-shortcode\" data-id=\"bc0fbb7\" data-element_type=\"widget\" data-e-type=\"widget\" data-widget_type=\"shortcode.default\">\n\t\t\t\t\t\t\t<div class=\"elementor-shortcode\">\n<div class=\"wpml-ls-statics-shortcode_actions wpml-ls wpml-ls-legacy-list-horizontal\">\n\t<ul><li class=\"wpml-ls-slot-shortcode_actions wpml-ls-item wpml-ls-item-en wpml-ls-current-language wpml-ls-first-item wpml-ls-item-legacy-list-horizontal\">\n\t\t\t\t<a href=\"https:\/\/restaurantlapontongiurgiu.ro\/en\/\" class=\"wpml-ls-link\">\n                                                        <img decoding=\"async\" src=\"https:\/\/restaurantlapontongiurgiu.ro\/wp-content\/plugins\/sitepress-multilingual-cms\/res\/flags\/en.png\" alt=\"English\" class=\"wpml-ls-flag\" width=\"18\" height=\"12\" title=\"\"><\/a>\n\t\t\t<\/li><li class=\"wpml-ls-slot-shortcode_actions wpml-ls-item wpml-ls-item-ro wpml-ls-last-item wpml-ls-item-legacy-list-horizontal\">\n\t\t\t\t<a href=\"https:\/\/restaurantlapontongiurgiu.ro\/\" class=\"wpml-ls-link\">\n                                                        <img decoding=\"async\" src=\"https:\/\/restaurantlapontongiurgiu.ro\/wp-content\/plugins\/sitepress-multilingual-cms\/res\/flags\/ro.png\" alt=\"Romanian\" class=\"wpml-ls-flag\" width=\"18\" height=\"12\" title=\"\"><\/a>\n\t\t\t<\/li><\/ul>\n<\/div>\n<\/div>\n\t\t\t\t\t\t<\/div>\n\t\t\t\t<div class=\"elementor-element elementor-element-c9f0e4e elementor-widget-mobile__width-initial elementor-hidden-desktop elementor-hidden-laptop elementor-hidden-tablet elementor-view-default elementor-widget elementor-widget-icon\" data-id=\"c9f0e4e\" data-element_type=\"widget\" data-e-type=\"widget\" data-widget_type=\"icon.default\">\n\t\t\t\t\t\t\t<div class=\"elementor-icon-wrapper\">\n\t\t\t<a class=\"elementor-icon\" href=\"#elementor-action%3Aaction%3Dpopup%3Aopen%26settings%3DeyJpZCI6IjE2MzEiLCJ0b2dnbGUiOmZhbHNlfQ%3D%3D\">\n\t\t\t<svg aria-hidden=\"true\" class=\"e-font-icon-svg e-fas-bars\" viewBox=\"0 0 448 512\" xmlns=\"http:\/\/www.w3.org\/2000\/svg\"><path d=\"M16 132h416c8.837 0 16-7.163 16-16V76c0-8.837-7.163-16-16-16H16C7.163 60 0 67.163 0 76v40c0 8.837 7.163 16 16 16zm0 160h416c8.837 0 16-7.163 16-16v-40c0-8.837-7.163-16-16-16H16c-8.837 0-16 7.163-16 16v40c0 8.837 7.163 16 16 16zm0 160h416c8.837 0 16-7.163 16-16v-40c0-8.837-7.163-16-16-16H16c-8.837 0-16 7.163-16 16v40c0 8.837 7.163 16 16 16z\"><\/path><\/svg>\t\t\t<\/a>\n\t\t<\/div>\n\t\t\t\t\t\t<\/div>\n\t\t\t\t\t<\/div>\n\t\t\t\t<\/div>\n\t\t<section class=\"elementor-element elementor-element-bcf2f08 e-flex e-con-boxed e-con e-parent\" data-id=\"bcf2f08\" data-element_type=\"container\" data-e-type=\"container\" data-settings=\"{&quot;background_background&quot;:&quot;classic&quot;}\">\n\t\t\t\t\t<div class=\"e-con-inner\">\n\t\t\t\t<div class=\"elementor-element elementor-element-00599e4 elementor-widget elementor-widget-heading\" data-id=\"00599e4\" data-element_type=\"widget\" data-e-type=\"widget\" data-widget_type=\"heading.default\">\n\t\t\t\t\t<h1 class=\"elementor-heading-title elementor-size-default\">Politica de Confiden\u021bialitate<\/h1>\t\t\t\t<\/div>\n\t\t\t\t<div class=\"elementor-element elementor-element-94f2605 elementor-widget__width-inherit elementor-widget elementor-widget-heading\" data-id=\"94f2605\" data-element_type=\"widget\" data-e-type=\"widget\" data-widget_type=\"heading.default\">\n\t\t\t\t\t<h2 class=\"elementor-heading-title elementor-size-default\">Restaurant cu <b>specific pesc\u0103resc<\/b>. Tradi\u021bional <b>rom\u00e2nesc<\/b>.<\/h2>\t\t\t\t<\/div>\n\t\t\t\t\t<\/div>\n\t\t\t\t<\/section>\n\t\t<section class=\"elementor-element elementor-element-cfc2513 e-flex e-con-boxed e-con e-parent\" data-id=\"cfc2513\" data-element_type=\"container\" data-e-type=\"container\">\n\t\t\t\t\t<div class=\"e-con-inner\">\n\t\t\t\t<div class=\"elementor-element elementor-element-1ddaa82 elementor-widget__width-inherit elementor-widget elementor-widget-text-editor\" data-id=\"1ddaa82\" data-element_type=\"widget\" data-e-type=\"widget\" data-widget_type=\"text-editor.default\">\n\t\t\t\t\t\t\t\t\t<p>La <strong>restaurantlapontongiurgiu.ro<\/strong>, respect\u0103m confiden\u021bialitatea datelor dumneavoastr\u0103 personale \u0219i ne angaj\u0103m s\u0103 le protej\u0103m conform legisla\u021biei \u00een vigoare privind protec\u021bia datelor personale.<\/p><p><strong>4.1. Colectarea datelor<\/strong><\/p><p>Colect\u0103m informa\u021bii personale atunci c\u00e2nd vizita\u021bi site-ul nostru, \u00een special atunci c\u00e2nd utiliza\u021bi formularul de contact sau face\u021bi o rezervare. Aceste informa\u021bii pot include numele, adresa de e-mail, num\u0103rul de telefon \u0219i alte detalii necesare pentru a r\u0103spunde cerin\u021belor dumneavoastr\u0103.<\/p><p><strong>4.2. Utilizarea datelor<\/strong><\/p><p>Informa\u021biile colectate sunt folosite pentru a comunica cu utilizatorii, pentru a r\u0103spunde \u00eentreb\u0103rilor acestora \u0219i pentru a \u00eembun\u0103t\u0103\u021bi experien\u021ba vizitatorilor pe site. Nu distribuim informa\u021biile personale ale clien\u021bilor c\u0103tre ter\u021be p\u0103r\u021bi, cu excep\u021bia cazurilor \u00een care suntem obliga\u021bi s\u0103 o facem conform legii.<\/p><p><strong>4.3. Protec\u021bia datelor<\/strong><\/p><p>\u00cemp\u0103rt\u0103\u0219im angajamentul nostru de a p\u0103stra confiden\u021bialitatea datelor personale \u0219i implement\u0103m m\u0103suri tehnice \u0219i organizatorice pentru a proteja aceste informa\u021bii de accesul neautorizat.<\/p><p><strong>4.4. Drepturile utilizatorilor<\/strong><\/p><p>Conform legisla\u021biei privind protec\u021bia datelor personale, ave\u021bi dreptul de a solicita accesul, rectificarea, \u0219tergerea sau restric\u021bionarea prelucr\u0103rii datelor dumneavoastr\u0103 personale, precum \u0219i dreptul de a depune o pl\u00e2ngere la autoritatea de protec\u021bie a datelor.<\/p>\t\t\t\t\t\t\t\t<\/div>\n\t\t\t\t\t<\/div>\n\t\t\t\t<\/section>\n\t\t<div class=\"elementor-element elementor-element-18e8448 e-flex e-con-boxed e-con e-parent\" data-id=\"18e8448\" data-element_type=\"container\" data-e-type=\"container\" data-settings=\"{&quot;background_background&quot;:&quot;classic&quot;}\">\n\t\t\t\t\t<div class=\"e-con-inner\">\n\t\t\t\t<div class=\"elementor-element elementor-element-a44ccd3 elementor-widget__width-initial elementor-widget-tablet__width-initial elementor-widget elementor-widget-image\" data-id=\"a44ccd3\" data-element_type=\"widget\" data-e-type=\"widget\" data-widget_type=\"image.default\">\n\t\t\t\t\t\t\t\t\t\t\t\t\t\t\t\t<a href=\"https:\/\/restaurantlapontongiurgiu.ro\/en\/\">\n\t\t\t\t\t\t\t<img fetchpriority=\"high\" decoding=\"async\" width=\"393\" height=\"135\" src=\"https:\/\/restaurantlapontongiurgiu.ro\/wp-content\/uploads\/2024\/12\/ponton-w.svg\" class=\"attachment-large size-large wp-image-1109\" alt=\"\" title=\"\">\t\t\t\t\t\t\t\t<\/a>\n\t\t\t\t\t\t\t\t\t\t\t\t\t\t\t<\/div>\n\t\t<div class=\"elementor-element elementor-element-85246c7 e-con-full e-flex e-con e-child\" data-id=\"85246c7\" data-element_type=\"container\" data-e-type=\"container\">\n\t\t\t\t<div class=\"elementor-element elementor-element-f66313a elementor-widget-tablet__width-inherit elementor-widget elementor-widget-heading\" data-id=\"f66313a\" data-element_type=\"widget\" data-e-type=\"widget\" data-widget_type=\"heading.default\">\n\t\t\t\t\t<div class=\"elementor-heading-title elementor-size-default\">Utile<\/div>\t\t\t\t<\/div>\n\t\t\t\t<div class=\"elementor-element elementor-element-ee8cad3 elementor-widget-tablet__width-inherit elementor-icon-list--layout-traditional elementor-list-item-link-full_width elementor-widget elementor-widget-icon-list\" data-id=\"ee8cad3\" data-element_type=\"widget\" data-e-type=\"widget\" data-widget_type=\"icon-list.default\">\n\t\t\t\t\t\t\t<ul class=\"elementor-icon-list-items\">\n\t\t\t\t\t\t\t<li class=\"elementor-icon-list-item\">\n\t\t\t\t\t\t\t\t\t\t\t<a href=\"https:\/\/restaurantlapontongiurgiu.ro\/en\/\">\n\n\t\t\t\t\t\t\t\t\t\t\t<span class=\"elementor-icon-list-text\">Acas\u0103<\/span>\n\t\t\t\t\t\t\t\t\t\t\t<\/a>\n\t\t\t\t\t\t\t\t\t<\/li>\n\t\t\t\t\t\t\t\t<li class=\"elementor-icon-list-item\">\n\t\t\t\t\t\t\t\t\t\t\t<a href=\"https:\/\/restaurantlapontongiurgiu.ro\/#despre-noi\">\n\n\t\t\t\t\t\t\t\t\t\t\t<span class=\"elementor-icon-list-text\">Despre noi<\/span>\n\t\t\t\t\t\t\t\t\t\t\t<\/a>\n\t\t\t\t\t\t\t\t\t<\/li>\n\t\t\t\t\t\t\t\t<li class=\"elementor-icon-list-item\">\n\t\t\t\t\t\t\t\t\t\t\t<a href=\"https:\/\/restaurantlapontongiurgiu.ro\/meniu\/\">\n\n\t\t\t\t\t\t\t\t\t\t\t<span class=\"elementor-icon-list-text\"><b>Meniu<\/b><\/span>\n\t\t\t\t\t\t\t\t\t\t\t<\/a>\n\t\t\t\t\t\t\t\t\t<\/li>\n\t\t\t\t\t\t\t\t<li class=\"elementor-icon-list-item\">\n\t\t\t\t\t\t\t\t\t\t\t<a href=\"https:\/\/restaurantlapontongiurgiu.ro\/#contact\">\n\n\t\t\t\t\t\t\t\t\t\t\t<span class=\"elementor-icon-list-text\">Contact<\/span>\n\t\t\t\t\t\t\t\t\t\t\t<\/a>\n\t\t\t\t\t\t\t\t\t<\/li>\n\t\t\t\t\t\t<\/ul>\n\t\t\t\t\t\t<\/div>\n\t\t\t\t<\/div>\n\t\t<div class=\"elementor-element elementor-element-1b78580 e-con-full e-flex e-con e-child\" data-id=\"1b78580\" data-element_type=\"container\" data-e-type=\"container\">\n\t\t\t\t<div class=\"elementor-element elementor-element-429fb56 elementor-widget-tablet__width-inherit elementor-widget elementor-widget-heading\" data-id=\"429fb56\" data-element_type=\"widget\" data-e-type=\"widget\" data-widget_type=\"heading.default\">\n\t\t\t\t\t<div class=\"elementor-heading-title elementor-size-default\">T&amp;C<\/div>\t\t\t\t<\/div>\n\t\t\t\t<div class=\"elementor-element elementor-element-a59585f elementor-widget-tablet__width-inherit elementor-icon-list--layout-traditional elementor-list-item-link-full_width elementor-widget elementor-widget-icon-list\" data-id=\"a59585f\" data-element_type=\"widget\" data-e-type=\"widget\" data-widget_type=\"icon-list.default\">\n\t\t\t\t\t\t\t<ul class=\"elementor-icon-list-items\">\n\t\t\t\t\t\t\t<li class=\"elementor-icon-list-item\">\n\t\t\t\t\t\t\t\t\t\t\t<a href=\"https:\/\/restaurantlapontongiurgiu.ro\/en\/termeni-si-conditii\/\">\n\n\t\t\t\t\t\t\t\t\t\t\t<span class=\"elementor-icon-list-text\">Termeni \u0219i Condi\u021bii<\/span>\n\t\t\t\t\t\t\t\t\t\t\t<\/a>\n\t\t\t\t\t\t\t\t\t<\/li>\n\t\t\t\t\t\t\t\t<li class=\"elementor-icon-list-item\">\n\t\t\t\t\t\t\t\t\t\t\t<a href=\"https:\/\/restaurantlapontongiurgiu.ro\/en\/confidentialitate\/\">\n\n\t\t\t\t\t\t\t\t\t\t\t<span class=\"elementor-icon-list-text\">Confiden\u021bialitate<\/span>\n\t\t\t\t\t\t\t\t\t\t\t<\/a>\n\t\t\t\t\t\t\t\t\t<\/li>\n\t\t\t\t\t\t\t\t<li class=\"elementor-icon-list-item\">\n\t\t\t\t\t\t\t\t\t\t\t<a href=\"https:\/\/restaurantlapontongiurgiu.ro\/en\/siguranta-datelor\/\">\n\n\t\t\t\t\t\t\t\t\t\t\t<span class=\"elementor-icon-list-text\">Siguran\u021ba datelor<\/span>\n\t\t\t\t\t\t\t\t\t\t\t<\/a>\n\t\t\t\t\t\t\t\t\t<\/li>\n\t\t\t\t\t\t\t\t<li class=\"elementor-icon-list-item\">\n\t\t\t\t\t\t\t\t\t\t\t<a href=\"https:\/\/restaurantlapontongiurgiu.ro\/en\/cookie\/\">\n\n\t\t\t\t\t\t\t\t\t\t\t<span class=\"elementor-icon-list-text\">Cookie<\/span>\n\t\t\t\t\t\t\t\t\t\t\t<\/a>\n\t\t\t\t\t\t\t\t\t<\/li>\n\t\t\t\t\t\t<\/ul>\n\t\t\t\t\t\t<\/div>\n\t\t\t\t<\/div>\n\t\t<div class=\"elementor-element elementor-element-0529c3c e-con-full e-flex e-con e-child\" data-id=\"0529c3c\" data-element_type=\"container\" data-e-type=\"container\">\n\t\t\t\t<div class=\"elementor-element elementor-element-9765b26 elementor-widget elementor-widget-heading\" data-id=\"9765b26\" data-element_type=\"widget\" data-e-type=\"widget\" data-widget_type=\"heading.default\">\n\t\t\t\t\t<div class=\"elementor-heading-title elementor-size-default\">Contact<\/div>\t\t\t\t<\/div>\n\t\t\t\t<div class=\"elementor-element elementor-element-9fb1c01 elementor-icon-list--layout-traditional elementor-list-item-link-full_width elementor-widget elementor-widget-icon-list\" data-id=\"9fb1c01\" data-element_type=\"widget\" data-e-type=\"widget\" data-widget_type=\"icon-list.default\">\n\t\t\t\t\t\t\t<ul class=\"elementor-icon-list-items\">\n\t\t\t\t\t\t\t<li class=\"elementor-icon-list-item\">\n\t\t\t\t\t\t\t\t\t\t<span class=\"elementor-icon-list-text\">+40 745 189 584<\/span>\n\t\t\t\t\t\t\t\t\t<\/li>\n\t\t\t\t\t\t\t\t<li class=\"elementor-icon-list-item\">\n\t\t\t\t\t\t\t\t\t\t<span class=\"elementor-icon-list-text\">office@restaurantlapontongiurgiu.ro<\/span>\n\t\t\t\t\t\t\t\t\t<\/li>\n\t\t\t\t\t\t\t\t<li class=\"elementor-icon-list-item\">\n\t\t\t\t\t\t\t\t\t\t<span class=\"elementor-icon-list-text\">rezervari@restaurantlapontongiurgiu.ro<\/span>\n\t\t\t\t\t\t\t\t\t<\/li>\n\t\t\t\t\t\t<\/ul>\n\t\t\t\t\t\t<\/div>\n\t\t\t\t<\/div>\n\t\t<div class=\"elementor-element elementor-element-79931ce e-con-full e-flex e-con e-child\" data-id=\"79931ce\" data-element_type=\"container\" data-e-type=\"container\">\n\t\t\t\t<div class=\"elementor-element elementor-element-2f87a39 elementor-widget elementor-widget-heading\" data-id=\"2f87a39\" data-element_type=\"widget\" data-e-type=\"widget\" data-widget_type=\"heading.default\">\n\t\t\t\t\t<div class=\"elementor-heading-title elementor-size-default\">Adresa<\/div>\t\t\t\t<\/div>\n\t\t\t\t<div class=\"elementor-element elementor-element-05fa9aa elementor-icon-list--layout-traditional elementor-list-item-link-full_width elementor-widget elementor-widget-icon-list\" data-id=\"05fa9aa\" data-element_type=\"widget\" data-e-type=\"widget\" data-widget_type=\"icon-list.default\">\n\t\t\t\t\t\t\t<ul class=\"elementor-icon-list-items\">\n\t\t\t\t\t\t\t<li class=\"elementor-icon-list-item\">\n\t\t\t\t\t\t\t\t\t\t<span class=\"elementor-icon-list-text\">Fluviul Dun\u0103rea, Giurgiu<\/span>\n\t\t\t\t\t\t\t\t\t<\/li>\n\t\t\t\t\t\t<\/ul>\n\t\t\t\t\t\t<\/div>\n\t\t\t\t<div class=\"elementor-element elementor-element-b334ff3 elementor-widget__width-inherit elementor-widget elementor-widget-image\" data-id=\"b334ff3\" data-element_type=\"widget\" data-e-type=\"widget\" data-widget_type=\"image.default\">\n\t\t\t\t\t\t\t\t\t\t\t\t\t\t\t\t<a href=\"https:\/\/www.google.com\/maps\/place\/\/data=!4m2!3m1!1s0x40ae6724c09abc71:0x3720673db3bbd657?sa=X&#038;ved=1t:8290&#038;ictx=111\" target=\"_blank\" rel=\"noopener\">\n\t\t\t\t\t\t\t<img loading=\"lazy\" decoding=\"async\" width=\"524\" height=\"338\" src=\"https:\/\/restaurantlapontongiurgiu.ro\/wp-content\/uploads\/2024\/12\/215405fd310435f223c8800fdcfd9941.png\" class=\"attachment-large size-large wp-image-204\" alt=\"\" srcset=\"https:\/\/restaurantlapontongiurgiu.ro\/wp-content\/uploads\/2024\/12\/215405fd310435f223c8800fdcfd9941.png 524w, https:\/\/restaurantlapontongiurgiu.ro\/wp-content\/uploads\/2024\/12\/215405fd310435f223c8800fdcfd9941-300x194.png 300w\" sizes=\"(max-width: 524px) 100vw, 524px\" title=\"\">\t\t\t\t\t\t\t\t<\/a>\n\t\t\t\t\t\t\t\t\t\t\t\t\t\t\t<\/div>\n\t\t\t\t<\/div>\n\t\t<div class=\"elementor-element elementor-element-0e3b8b7 e-con-full e-flex e-con e-child\" data-id=\"0e3b8b7\" data-element_type=\"container\" data-e-type=\"container\">\n\t\t\t\t<div class=\"elementor-element elementor-element-ce844ce elementor-widget elementor-widget-heading\" data-id=\"ce844ce\" data-element_type=\"widget\" data-e-type=\"widget\" data-widget_type=\"heading.default\">\n\t\t\t\t\t<div class=\"elementor-heading-title elementor-size-default\">Urm\u0103re\u0219te-ne<\/div>\t\t\t\t<\/div>\n\t\t\t\t<div class=\"elementor-element elementor-element-65e1c34 e-grid-align-left elementor-widget-tablet__width-inherit elementor-shape-rounded elementor-grid-0 elementor-widget elementor-widget-social-icons\" data-id=\"65e1c34\" data-element_type=\"widget\" data-e-type=\"widget\" data-widget_type=\"social-icons.default\">\n\t\t\t\t\t\t\t<div class=\"elementor-social-icons-wrapper elementor-grid\" role=\"list\">\n\t\t\t\t\t\t\t<span class=\"elementor-grid-item\" role=\"listitem\">\n\t\t\t\t\t<a class=\"elementor-icon elementor-social-icon elementor-social-icon-facebook elementor-repeater-item-7c1bd74\" href=\"https:\/\/www.facebook.com\/RestaurantLaPonton\" target=\"_blank\" rel=\"noopener\">\n\t\t\t\t\t\t<span class=\"elementor-screen-only\">Facebook<\/span>\n\t\t\t\t\t\t<svg aria-hidden=\"true\" class=\"e-font-icon-svg e-fab-facebook\" viewBox=\"0 0 512 512\" xmlns=\"http:\/\/www.w3.org\/2000\/svg\"><path d=\"M504 256C504 119 393 8 256 8S8 119 8 256c0 123.78 90.69 226.38 209.25 245V327.69h-63V256h63v-54.64c0-62.15 37-96.48 93.67-96.48 27.14 0 55.52 4.84 55.52 4.84v61h-31.28c-30.8 0-40.41 19.12-40.41 38.73V256h68.78l-11 71.69h-57.78V501C413.31 482.38 504 379.78 504 256z\"><\/path><\/svg>\t\t\t\t\t<\/a>\n\t\t\t\t<\/span>\n\t\t\t\t\t\t\t<span class=\"elementor-grid-item\" role=\"listitem\">\n\t\t\t\t\t<a class=\"elementor-icon elementor-social-icon elementor-social-icon-tiktok elementor-repeater-item-4fa7b19\" href=\"https:\/\/www.tiktok.com\/@lapontongiurgiu\" target=\"_blank\" rel=\"noopener\">\n\t\t\t\t\t\t<span class=\"elementor-screen-only\">Tiktok<\/span>\n\t\t\t\t\t\t<svg aria-hidden=\"true\" class=\"e-font-icon-svg e-fab-tiktok\" viewBox=\"0 0 448 512\" xmlns=\"http:\/\/www.w3.org\/2000\/svg\"><path d=\"M448,209.91a210.06,210.06,0,0,1-122.77-39.25V349.38A162.55,162.55,0,1,1,185,188.31V278.2a74.62,74.62,0,1,0,52.23,71.18V0l88,0a121.18,121.18,0,0,0,1.86,22.17h0A122.18,122.18,0,0,0,381,102.39a121.43,121.43,0,0,0,67,20.14Z\"><\/path><\/svg>\t\t\t\t\t<\/a>\n\t\t\t\t<\/span>\n\t\t\t\t\t<\/div>\n\t\t\t\t\t\t<\/div>\n\t\t\t\t<div class=\"elementor-element elementor-element-131c617 elementor-widget__width-initial elementor-widget elementor-widget-image\" data-id=\"131c617\" data-element_type=\"widget\" data-e-type=\"widget\" data-widget_type=\"image.default\">\n\t\t\t\t\t\t\t\t\t\t\t\t\t\t\t<img loading=\"lazy\" decoding=\"async\" width=\"500\" height=\"131\" src=\"https:\/\/restaurantlapontongiurgiu.ro\/wp-content\/uploads\/2025\/01\/Solutionarea-online.webp\" class=\"attachment-large size-large wp-image-2562\" alt=\"\" srcset=\"https:\/\/restaurantlapontongiurgiu.ro\/wp-content\/uploads\/2025\/01\/Solutionarea-online.webp 500w, https:\/\/restaurantlapontongiurgiu.ro\/wp-content\/uploads\/2025\/01\/Solutionarea-online-300x79.webp 300w\" sizes=\"(max-width: 500px) 100vw, 500px\" title=\"\">\t\t\t\t\t\t\t\t\t\t\t\t\t\t\t<\/div>\n\t\t\t\t<div class=\"elementor-element elementor-element-2a2f9ab elementor-widget__width-initial elementor-widget elementor-widget-image\" data-id=\"2a2f9ab\" data-element_type=\"widget\" data-e-type=\"widget\" data-widget_type=\"image.default\">\n\t\t\t\t\t\t\t\t\t\t\t\t\t\t\t<img loading=\"lazy\" decoding=\"async\" width=\"500\" height=\"131\" src=\"https:\/\/restaurantlapontongiurgiu.ro\/wp-content\/uploads\/2025\/01\/anpc.webp\" class=\"attachment-large size-large wp-image-2560\" alt=\"\" srcset=\"https:\/\/restaurantlapontongiurgiu.ro\/wp-content\/uploads\/2025\/01\/anpc.webp 500w, https:\/\/restaurantlapontongiurgiu.ro\/wp-content\/uploads\/2025\/01\/anpc-300x79.webp 300w\" sizes=\"(max-width: 500px) 100vw, 500px\" title=\"\">\t\t\t\t\t\t\t\t\t\t\t\t\t\t\t<\/div>\n\t\t\t\t<\/div>\n\t\t\t\t\t<\/div>\n\t\t\t\t<\/div>\n\t\t<div class=\"elementor-element elementor-element-0fbbcec e-flex e-con-boxed e-con e-parent\" data-id=\"0fbbcec\" data-element_type=\"container\" data-e-type=\"container\" data-settings=\"{&quot;background_background&quot;:&quot;classic&quot;}\">\n\t\t\t\t\t<div class=\"e-con-inner\">\n\t\t\t\t<div class=\"elementor-element elementor-element-71bba98 elementor-widget__width-auto elementor-widget-mobile__width-inherit elementor-widget elementor-widget-heading\" data-id=\"71bba98\" data-element_type=\"widget\" data-e-type=\"widget\" data-widget_type=\"heading.default\">\n\t\t\t\t\t<div class=\"elementor-heading-title elementor-size-default\">Copyright \u00a9 2026 - La Ponton <\/div>\t\t\t\t<\/div>\n\t\t\t\t<div class=\"elementor-element elementor-element-65febc3 elementor-widget__width-auto elementor-widget-mobile__width-inherit elementor-widget elementor-widget-heading\" data-id=\"65febc3\" data-element_type=\"widget\" data-e-type=\"widget\" data-widget_type=\"heading.default\">\n\t\t\t\t\t<div class=\"elementor-heading-title elementor-size-default\">Designed by <a href=\"https:\/\/formragency.com\/\" target=\"_blank\" rel=\"noopener\"><b><span style=\"color: #E3401E\">formr agency<\/span><\/b><\/a> and Manufactured by <a href=\"https:\/\/antagonist.ro\/\" target=\"_blank\" rel=\"noopener\"> <b> <span style=\"color: #E3401E\">Antagonist Enterprise<\/span> <\/b><\/a><\/div>\t\t\t\t<\/div>\n\t\t\t\t\t<\/div>\n\t\t\t\t<\/div>\n\t\t\t\t<\/div>\n\t\t","protected":false},"excerpt":{"rendered":"<p>Acas\u0103 Despre noi Meniu Contact Politica de Confiden\u021bialitate Restaurant cu specific pesc\u0103resc. Tradi\u021bional rom\u00e2nesc. La restaurantlapontongiurgiu.ro, respect\u0103m confiden\u021bialitatea datelor dumneavoastr\u0103 personale \u0219i ne angaj\u0103m s\u0103 le protej\u0103m conform legisla\u021biei \u00een vigoare privind protec\u021bia datelor personale. 4.1. Colectarea datelor Colect\u0103m informa\u021bii personale atunci c\u00e2nd vizita\u021bi site-ul nostru, \u00een special atunci c\u00e2nd utiliza\u021bi formularul de contact sau [&hellip;]<\/p>\n","protected":false},"author":1,"featured_media":0,"parent":0,"menu_order":0,"comment_status":"closed","ping_status":"closed","template":"elementor_canvas","meta":{"footnotes":""},"class_list":["post-1708","page","type-page","status-publish","hentry"],"_links":{"self":[{"href":"https:\/\/restaurantlapontongiurgiu.ro\/en\/wp-json\/wp\/v2\/pages\/1708","targetHints":{"allow":["GET"]}}],"collection":[{"href":"https:\/\/restaurantlapontongiurgiu.ro\/en\/wp-json\/wp\/v2\/pages"}],"about":[{"href":"https:\/\/restaurantlapontongiurgiu.ro\/en\/wp-json\/wp\/v2\/types\/page"}],"author":[{"embeddable":true,"href":"https:\/\/restaurantlapontongiurgiu.ro\/en\/wp-json\/wp\/v2\/users\/1"}],"replies":[{"embeddable":true,"href":"https:\/\/restaurantlapontongiurgiu.ro\/en\/wp-json\/wp\/v2\/comments?post=1708"}],"version-history":[{"count":9,"href":"https:\/\/restaurantlapontongiurgiu.ro\/en\/wp-json\/wp\/v2\/pages\/1708\/revisions"}],"predecessor-version":[{"id":3167,"href":"https:\/\/restaurantlapontongiurgiu.ro\/en\/wp-json\/wp\/v2\/pages\/1708\/revisions\/3167"}],"wp:attachment":[{"href":"https:\/\/restaurantlapontongiurgiu.ro\/en\/wp-json\/wp\/v2\/media?parent=1708"}],"curies":[{"name":"wp","href":"https:\/\/api.w.org\/{rel}","templated":true}]}}