{"id":1706,"date":"2024-12-19T12:23:36","date_gmt":"2024-12-19T10:23:36","guid":{"rendered":"https:\/\/restaurantlapontongiurgiu.ro\/?page_id=1706"},"modified":"2026-03-29T15:46:52","modified_gmt":"2026-03-29T12:46:52","slug":"termeni-si-conditii","status":"publish","type":"page","link":"https:\/\/restaurantlapontongiurgiu.ro\/en\/termeni-si-conditii\/","title":{"rendered":"Termeni \u0219i Condi\u021bii"},"content":{"rendered":"\t\t<div data-elementor-type=\"wp-page\" data-elementor-id=\"1706\" class=\"elementor elementor-1706\" data-elementor-post-type=\"page\">\n\t\t\t\t<div class=\"elementor-element elementor-element-437f21c e-flex e-con-boxed e-con e-parent\" data-id=\"437f21c\" data-element_type=\"container\" data-e-type=\"container\">\n\t\t\t\t\t<div class=\"e-con-inner\">\n\t\t\t\t<div class=\"elementor-element elementor-element-6ca0afe elementor-icon-list--layout-inline elementor-align-end elementor-mobile-align-center elementor-widget__width-initial elementor-widget-mobile__width-auto elementor-hidden-mobile elementor-list-item-link-full_width elementor-widget elementor-widget-icon-list\" data-id=\"6ca0afe\" data-element_type=\"widget\" data-e-type=\"widget\" data-widget_type=\"icon-list.default\">\n\t\t\t\t\t\t\t<ul class=\"elementor-icon-list-items elementor-inline-items\">\n\t\t\t\t\t\t\t<li class=\"elementor-icon-list-item elementor-inline-item\">\n\t\t\t\t\t\t\t\t\t\t\t<a href=\"https:\/\/restaurantlapontongiurgiu.ro\/en\/\">\n\n\t\t\t\t\t\t\t\t\t\t\t<span class=\"elementor-icon-list-text\">Acas\u0103<\/span>\n\t\t\t\t\t\t\t\t\t\t\t<\/a>\n\t\t\t\t\t\t\t\t\t<\/li>\n\t\t\t\t\t\t\t\t<li class=\"elementor-icon-list-item elementor-inline-item\">\n\t\t\t\t\t\t\t\t\t\t\t<a href=\"https:\/\/restaurantlapontongiurgiu.ro\/#despre-noi\">\n\n\t\t\t\t\t\t\t\t\t\t\t<span class=\"elementor-icon-list-text\">Despre noi<\/span>\n\t\t\t\t\t\t\t\t\t\t\t<\/a>\n\t\t\t\t\t\t\t\t\t<\/li>\n\t\t\t\t\t\t<\/ul>\n\t\t\t\t\t\t<\/div>\n\t\t\t\t<div class=\"elementor-element elementor-element-592286e elementor-widget-mobile__width-initial elementor-widget elementor-widget-image\" data-id=\"592286e\" data-element_type=\"widget\" data-e-type=\"widget\" data-widget_type=\"image.default\">\n\t\t\t\t\t\t\t\t\t\t\t\t\t\t\t\t<a href=\"https:\/\/restaurantlapontongiurgiu.ro\/en\/\">\n\t\t\t\t\t\t\t<img fetchpriority=\"high\" decoding=\"async\" width=\"393\" height=\"135\" src=\"https:\/\/restaurantlapontongiurgiu.ro\/wp-content\/uploads\/2024\/12\/ponton-w.svg\" class=\"attachment-large size-large wp-image-1109\" alt=\"\" title=\"\">\t\t\t\t\t\t\t\t<\/a>\n\t\t\t\t\t\t\t\t\t\t\t\t\t\t\t<\/div>\n\t\t\t\t<div class=\"elementor-element elementor-element-73ff648 elementor-icon-list--layout-inline elementor-align-start elementor-mobile-align-center elementor-widget__width-initial elementor-widget-mobile__width-auto elementor-hidden-mobile elementor-list-item-link-full_width elementor-widget elementor-widget-icon-list\" data-id=\"73ff648\" data-element_type=\"widget\" data-e-type=\"widget\" data-widget_type=\"icon-list.default\">\n\t\t\t\t\t\t\t<ul class=\"elementor-icon-list-items elementor-inline-items\">\n\t\t\t\t\t\t\t<li class=\"elementor-icon-list-item elementor-inline-item\">\n\t\t\t\t\t\t\t\t\t\t\t<a href=\"https:\/\/restaurantlapontongiurgiu.ro\/meniu\/\">\n\n\t\t\t\t\t\t\t\t\t\t\t<span class=\"elementor-icon-list-text\">Meniu<\/span>\n\t\t\t\t\t\t\t\t\t\t\t<\/a>\n\t\t\t\t\t\t\t\t\t<\/li>\n\t\t\t\t\t\t\t\t<li class=\"elementor-icon-list-item elementor-inline-item\">\n\t\t\t\t\t\t\t\t\t\t\t<a href=\"https:\/\/restaurantlapontongiurgiu.ro\/#contact\">\n\n\t\t\t\t\t\t\t\t\t\t\t<span class=\"elementor-icon-list-text\">Contact<\/span>\n\t\t\t\t\t\t\t\t\t\t\t<\/a>\n\t\t\t\t\t\t\t\t\t<\/li>\n\t\t\t\t\t\t<\/ul>\n\t\t\t\t\t\t<\/div>\n\t\t\t\t<div class=\"elementor-element elementor-element-b847572 elementor-widget__width-initial elementor-widget elementor-widget-shortcode\" data-id=\"b847572\" data-element_type=\"widget\" data-e-type=\"widget\" data-widget_type=\"shortcode.default\">\n\t\t\t\t\t\t\t<div class=\"elementor-shortcode\">\n<div class=\"wpml-ls-statics-shortcode_actions wpml-ls wpml-ls-legacy-list-horizontal\">\n\t<ul><li class=\"wpml-ls-slot-shortcode_actions wpml-ls-item wpml-ls-item-en wpml-ls-current-language wpml-ls-first-item wpml-ls-item-legacy-list-horizontal\">\n\t\t\t\t<a href=\"https:\/\/restaurantlapontongiurgiu.ro\/en\/\" class=\"wpml-ls-link\">\n                                                        <img decoding=\"async\" src=\"https:\/\/restaurantlapontongiurgiu.ro\/wp-content\/plugins\/sitepress-multilingual-cms\/res\/flags\/en.png\" alt=\"English\" class=\"wpml-ls-flag\" width=\"18\" height=\"12\" title=\"\"><\/a>\n\t\t\t<\/li><li class=\"wpml-ls-slot-shortcode_actions wpml-ls-item wpml-ls-item-ro wpml-ls-last-item wpml-ls-item-legacy-list-horizontal\">\n\t\t\t\t<a href=\"https:\/\/restaurantlapontongiurgiu.ro\/\" class=\"wpml-ls-link\">\n                                                        <img decoding=\"async\" src=\"https:\/\/restaurantlapontongiurgiu.ro\/wp-content\/plugins\/sitepress-multilingual-cms\/res\/flags\/ro.png\" alt=\"Romanian\" class=\"wpml-ls-flag\" width=\"18\" height=\"12\" title=\"\"><\/a>\n\t\t\t<\/li><\/ul>\n<\/div>\n<\/div>\n\t\t\t\t\t\t<\/div>\n\t\t\t\t<div class=\"elementor-element elementor-element-59169d2 elementor-widget-mobile__width-initial elementor-hidden-desktop elementor-hidden-laptop elementor-hidden-tablet elementor-view-default elementor-widget elementor-widget-icon\" data-id=\"59169d2\" data-element_type=\"widget\" data-e-type=\"widget\" data-widget_type=\"icon.default\">\n\t\t\t\t\t\t\t<div class=\"elementor-icon-wrapper\">\n\t\t\t<a class=\"elementor-icon\" href=\"#elementor-action%3Aaction%3Dpopup%3Aopen%26settings%3DeyJpZCI6IjE2MzEiLCJ0b2dnbGUiOmZhbHNlfQ%3D%3D\">\n\t\t\t<svg aria-hidden=\"true\" class=\"e-font-icon-svg e-fas-bars\" viewBox=\"0 0 448 512\" xmlns=\"http:\/\/www.w3.org\/2000\/svg\"><path d=\"M16 132h416c8.837 0 16-7.163 16-16V76c0-8.837-7.163-16-16-16H16C7.163 60 0 67.163 0 76v40c0 8.837 7.163 16 16 16zm0 160h416c8.837 0 16-7.163 16-16v-40c0-8.837-7.163-16-16-16H16c-8.837 0-16 7.163-16 16v40c0 8.837 7.163 16 16 16zm0 160h416c8.837 0 16-7.163 16-16v-40c0-8.837-7.163-16-16-16H16c-8.837 0-16 7.163-16 16v40c0 8.837 7.163 16 16 16z\"><\/path><\/svg>\t\t\t<\/a>\n\t\t<\/div>\n\t\t\t\t\t\t<\/div>\n\t\t\t\t\t<\/div>\n\t\t\t\t<\/div>\n\t\t<section class=\"elementor-element elementor-element-f996232 e-flex e-con-boxed e-con e-parent\" data-id=\"f996232\" data-element_type=\"container\" data-e-type=\"container\" data-settings=\"{&quot;background_background&quot;:&quot;classic&quot;}\">\n\t\t\t\t\t<div class=\"e-con-inner\">\n\t\t\t\t<div class=\"elementor-element elementor-element-f8dcb97 elementor-widget elementor-widget-heading\" data-id=\"f8dcb97\" data-element_type=\"widget\" data-e-type=\"widget\" data-widget_type=\"heading.default\">\n\t\t\t\t\t<h1 class=\"elementor-heading-title elementor-size-default\">Termeni si conditii<\/h1>\t\t\t\t<\/div>\n\t\t\t\t<div class=\"elementor-element elementor-element-e20debc elementor-widget__width-inherit elementor-widget elementor-widget-heading\" data-id=\"e20debc\" data-element_type=\"widget\" data-e-type=\"widget\" data-widget_type=\"heading.default\">\n\t\t\t\t\t<h2 class=\"elementor-heading-title elementor-size-default\">Restaurant cu <b>specific pesc\u0103resc<\/b>. Tradi\u021bional <b>rom\u00e2nesc<\/b>.<\/h2>\t\t\t\t<\/div>\n\t\t\t\t\t<\/div>\n\t\t\t\t<\/section>\n\t\t<section class=\"elementor-element elementor-element-d65ed09 e-flex e-con-boxed e-con e-parent\" data-id=\"d65ed09\" data-element_type=\"container\" data-e-type=\"container\">\n\t\t\t\t\t<div class=\"e-con-inner\">\n\t\t\t\t<div class=\"elementor-element elementor-element-a65a298 elementor-widget__width-inherit elementor-widget elementor-widget-text-editor\" data-id=\"a65a298\" data-element_type=\"widget\" data-e-type=\"widget\" data-widget_type=\"text-editor.default\">\n\t\t\t\t\t\t\t\t\t<p>Bine ai venit pe site-ul <strong>restaurantlapontongiurgiu.ro<\/strong>, un site dedicat restaurantului <strong>La Ponton<\/strong>. Utiliz\u00e2nd acest site, accepta\u021bi termenii \u0219i condi\u021biile enun\u021bate mai jos. V\u0103 rug\u0103m s\u0103 citi\u021bi cu aten\u021bie aceste informa\u021bii. Dac\u0103 nu sunte\u021bi de acord cu ace\u0219ti termeni, v\u0103 rug\u0103m s\u0103 nu utiliza\u021bi site-ul nostru.<\/p><p><strong>1.1. Descrierea site-ului<\/strong><\/p><p>Site-ul <strong>restaurantlapontongiurgiu.ro<\/strong> este dedicat prezent\u0103rii restaurantului <strong>La Ponton<\/strong>, incluz\u00e2nd informa\u021bii despre meniul oferit, serviciile disponibile, loca\u021bia \u0219i alte detalii relevante pentru vizitatorii site-ului. Acesta nu ofer\u0103 servicii de livrare de m\u00e2ncare \u0219i este folosit exclusiv pentru prezentarea restaurantului \u0219i meniu.<\/p><p><strong>1.2. Drepturi de autor<\/strong><\/p><p>Toate materialele de pe acest site (inclusiv texte, imagini, logo-uri \u0219i alte elemente grafice) sunt protejate prin drepturi de autor \u0219i sunt proprietatea <strong>restaurantului La Ponton<\/strong> sau a licen\u021biatorilor acestuia. Utilizatorii nu au permisiunea de a copia, distribui sau utiliza aceste materiale f\u0103r\u0103 consim\u021b\u0103m\u00e2ntul prealabil al proprietarului.<\/p><p><strong>1.3. Responsabilit\u0103\u021bile utilizatorului<\/strong><\/p><p>Este responsabilitatea utilizatorilor s\u0103 furnizeze informa\u021bii corecte \u0219i complete atunci c\u00e2nd interac\u021bioneaz\u0103 cu site-ul. <strong>La Ponton<\/strong> nu \u00ee\u0219i asum\u0103 r\u0103spunderea pentru eventualele erori survenite din cauza datelor incorecte sau incomplete oferite de utilizatori.<\/p><p><strong>1.4. Modificarea termenilor \u0219i condi\u021biilor<\/strong><\/p><p>Restaurantul <strong>La Ponton<\/strong> \u00ee\u0219i rezerv\u0103 dreptul de a modifica oric\u00e2nd termenii \u0219i condi\u021biile de utilizare a site-ului. Orice modificare va fi publicat\u0103 pe aceast\u0103 pagin\u0103 \u0219i va fi valabil\u0103 de la data public\u0103rii.<\/p>\t\t\t\t\t\t\t\t<\/div>\n\t\t\t\t\t<\/div>\n\t\t\t\t<\/section>\n\t\t<div class=\"elementor-element elementor-element-22b55d1 e-flex e-con-boxed e-con e-parent\" data-id=\"22b55d1\" data-element_type=\"container\" data-e-type=\"container\" data-settings=\"{&quot;background_background&quot;:&quot;classic&quot;}\">\n\t\t\t\t\t<div class=\"e-con-inner\">\n\t\t\t\t<div class=\"elementor-element elementor-element-0d1db89 elementor-widget__width-initial elementor-widget-tablet__width-initial elementor-widget elementor-widget-image\" data-id=\"0d1db89\" data-element_type=\"widget\" data-e-type=\"widget\" data-widget_type=\"image.default\">\n\t\t\t\t\t\t\t\t\t\t\t\t\t\t\t\t<a href=\"https:\/\/restaurantlapontongiurgiu.ro\/en\/\">\n\t\t\t\t\t\t\t<img fetchpriority=\"high\" decoding=\"async\" width=\"393\" height=\"135\" src=\"https:\/\/restaurantlapontongiurgiu.ro\/wp-content\/uploads\/2024\/12\/ponton-w.svg\" class=\"attachment-large size-large wp-image-1109\" alt=\"\" title=\"\">\t\t\t\t\t\t\t\t<\/a>\n\t\t\t\t\t\t\t\t\t\t\t\t\t\t\t<\/div>\n\t\t<div class=\"elementor-element elementor-element-1393f27 e-con-full e-flex e-con e-child\" data-id=\"1393f27\" data-element_type=\"container\" data-e-type=\"container\">\n\t\t\t\t<div class=\"elementor-element elementor-element-f3ac7bd elementor-widget-tablet__width-inherit elementor-widget elementor-widget-heading\" data-id=\"f3ac7bd\" data-element_type=\"widget\" data-e-type=\"widget\" data-widget_type=\"heading.default\">\n\t\t\t\t\t<div class=\"elementor-heading-title elementor-size-default\">Utile<\/div>\t\t\t\t<\/div>\n\t\t\t\t<div class=\"elementor-element elementor-element-962f68e elementor-widget-tablet__width-inherit elementor-icon-list--layout-traditional elementor-list-item-link-full_width elementor-widget elementor-widget-icon-list\" data-id=\"962f68e\" data-element_type=\"widget\" data-e-type=\"widget\" data-widget_type=\"icon-list.default\">\n\t\t\t\t\t\t\t<ul class=\"elementor-icon-list-items\">\n\t\t\t\t\t\t\t<li class=\"elementor-icon-list-item\">\n\t\t\t\t\t\t\t\t\t\t\t<a href=\"https:\/\/restaurantlapontongiurgiu.ro\/en\/\">\n\n\t\t\t\t\t\t\t\t\t\t\t<span class=\"elementor-icon-list-text\">Acas\u0103<\/span>\n\t\t\t\t\t\t\t\t\t\t\t<\/a>\n\t\t\t\t\t\t\t\t\t<\/li>\n\t\t\t\t\t\t\t\t<li class=\"elementor-icon-list-item\">\n\t\t\t\t\t\t\t\t\t\t\t<a href=\"https:\/\/restaurantlapontongiurgiu.ro\/#despre-noi\">\n\n\t\t\t\t\t\t\t\t\t\t\t<span class=\"elementor-icon-list-text\">Despre noi<\/span>\n\t\t\t\t\t\t\t\t\t\t\t<\/a>\n\t\t\t\t\t\t\t\t\t<\/li>\n\t\t\t\t\t\t\t\t<li class=\"elementor-icon-list-item\">\n\t\t\t\t\t\t\t\t\t\t\t<a href=\"https:\/\/restaurantlapontongiurgiu.ro\/meniu\/\">\n\n\t\t\t\t\t\t\t\t\t\t\t<span class=\"elementor-icon-list-text\"><b>Meniu<\/b><\/span>\n\t\t\t\t\t\t\t\t\t\t\t<\/a>\n\t\t\t\t\t\t\t\t\t<\/li>\n\t\t\t\t\t\t\t\t<li class=\"elementor-icon-list-item\">\n\t\t\t\t\t\t\t\t\t\t\t<a href=\"https:\/\/restaurantlapontongiurgiu.ro\/#contact\">\n\n\t\t\t\t\t\t\t\t\t\t\t<span class=\"elementor-icon-list-text\">Contact<\/span>\n\t\t\t\t\t\t\t\t\t\t\t<\/a>\n\t\t\t\t\t\t\t\t\t<\/li>\n\t\t\t\t\t\t<\/ul>\n\t\t\t\t\t\t<\/div>\n\t\t\t\t<\/div>\n\t\t<div class=\"elementor-element elementor-element-c4c8574 e-con-full e-flex e-con e-child\" data-id=\"c4c8574\" data-element_type=\"container\" data-e-type=\"container\">\n\t\t\t\t<div class=\"elementor-element elementor-element-2fea80f elementor-widget-tablet__width-inherit elementor-widget elementor-widget-heading\" data-id=\"2fea80f\" data-element_type=\"widget\" data-e-type=\"widget\" data-widget_type=\"heading.default\">\n\t\t\t\t\t<div class=\"elementor-heading-title elementor-size-default\">T&amp;C<\/div>\t\t\t\t<\/div>\n\t\t\t\t<div class=\"elementor-element elementor-element-5219fc9 elementor-widget-tablet__width-inherit elementor-icon-list--layout-traditional elementor-list-item-link-full_width elementor-widget elementor-widget-icon-list\" data-id=\"5219fc9\" data-element_type=\"widget\" data-e-type=\"widget\" data-widget_type=\"icon-list.default\">\n\t\t\t\t\t\t\t<ul class=\"elementor-icon-list-items\">\n\t\t\t\t\t\t\t<li class=\"elementor-icon-list-item\">\n\t\t\t\t\t\t\t\t\t\t\t<a href=\"https:\/\/restaurantlapontongiurgiu.ro\/en\/termeni-si-conditii\/\">\n\n\t\t\t\t\t\t\t\t\t\t\t<span class=\"elementor-icon-list-text\">Termeni \u0219i Condi\u021bii<\/span>\n\t\t\t\t\t\t\t\t\t\t\t<\/a>\n\t\t\t\t\t\t\t\t\t<\/li>\n\t\t\t\t\t\t\t\t<li class=\"elementor-icon-list-item\">\n\t\t\t\t\t\t\t\t\t\t\t<a href=\"https:\/\/restaurantlapontongiurgiu.ro\/en\/confidentialitate\/\">\n\n\t\t\t\t\t\t\t\t\t\t\t<span class=\"elementor-icon-list-text\">Confiden\u021bialitate<\/span>\n\t\t\t\t\t\t\t\t\t\t\t<\/a>\n\t\t\t\t\t\t\t\t\t<\/li>\n\t\t\t\t\t\t\t\t<li class=\"elementor-icon-list-item\">\n\t\t\t\t\t\t\t\t\t\t\t<a href=\"https:\/\/restaurantlapontongiurgiu.ro\/en\/siguranta-datelor\/\">\n\n\t\t\t\t\t\t\t\t\t\t\t<span class=\"elementor-icon-list-text\">Siguran\u021ba datelor<\/span>\n\t\t\t\t\t\t\t\t\t\t\t<\/a>\n\t\t\t\t\t\t\t\t\t<\/li>\n\t\t\t\t\t\t\t\t<li class=\"elementor-icon-list-item\">\n\t\t\t\t\t\t\t\t\t\t\t<a href=\"https:\/\/restaurantlapontongiurgiu.ro\/en\/cookie\/\">\n\n\t\t\t\t\t\t\t\t\t\t\t<span class=\"elementor-icon-list-text\">Cookie<\/span>\n\t\t\t\t\t\t\t\t\t\t\t<\/a>\n\t\t\t\t\t\t\t\t\t<\/li>\n\t\t\t\t\t\t<\/ul>\n\t\t\t\t\t\t<\/div>\n\t\t\t\t<\/div>\n\t\t<div class=\"elementor-element elementor-element-7f27cc4 e-con-full e-flex e-con e-child\" data-id=\"7f27cc4\" data-element_type=\"container\" data-e-type=\"container\">\n\t\t\t\t<div class=\"elementor-element elementor-element-0306e85 elementor-widget elementor-widget-heading\" data-id=\"0306e85\" data-element_type=\"widget\" data-e-type=\"widget\" data-widget_type=\"heading.default\">\n\t\t\t\t\t<div class=\"elementor-heading-title elementor-size-default\">Contact<\/div>\t\t\t\t<\/div>\n\t\t\t\t<div class=\"elementor-element elementor-element-481ad66 elementor-icon-list--layout-traditional elementor-list-item-link-full_width elementor-widget elementor-widget-icon-list\" data-id=\"481ad66\" data-element_type=\"widget\" data-e-type=\"widget\" data-widget_type=\"icon-list.default\">\n\t\t\t\t\t\t\t<ul class=\"elementor-icon-list-items\">\n\t\t\t\t\t\t\t<li class=\"elementor-icon-list-item\">\n\t\t\t\t\t\t\t\t\t\t<span class=\"elementor-icon-list-text\">+40 745 189 584<\/span>\n\t\t\t\t\t\t\t\t\t<\/li>\n\t\t\t\t\t\t\t\t<li class=\"elementor-icon-list-item\">\n\t\t\t\t\t\t\t\t\t\t<span class=\"elementor-icon-list-text\">office@restaurantlapontongiurgiu.ro<\/span>\n\t\t\t\t\t\t\t\t\t<\/li>\n\t\t\t\t\t\t\t\t<li class=\"elementor-icon-list-item\">\n\t\t\t\t\t\t\t\t\t\t<span class=\"elementor-icon-list-text\">rezervari@restaurantlapontongiurgiu.ro<\/span>\n\t\t\t\t\t\t\t\t\t<\/li>\n\t\t\t\t\t\t<\/ul>\n\t\t\t\t\t\t<\/div>\n\t\t\t\t<\/div>\n\t\t<div class=\"elementor-element elementor-element-cd49690 e-con-full e-flex e-con e-child\" data-id=\"cd49690\" data-element_type=\"container\" data-e-type=\"container\">\n\t\t\t\t<div class=\"elementor-element elementor-element-4492d18 elementor-widget elementor-widget-heading\" data-id=\"4492d18\" data-element_type=\"widget\" data-e-type=\"widget\" data-widget_type=\"heading.default\">\n\t\t\t\t\t<div class=\"elementor-heading-title elementor-size-default\">Adresa<\/div>\t\t\t\t<\/div>\n\t\t\t\t<div class=\"elementor-element elementor-element-baf6e46 elementor-icon-list--layout-traditional elementor-list-item-link-full_width elementor-widget elementor-widget-icon-list\" data-id=\"baf6e46\" data-element_type=\"widget\" data-e-type=\"widget\" data-widget_type=\"icon-list.default\">\n\t\t\t\t\t\t\t<ul class=\"elementor-icon-list-items\">\n\t\t\t\t\t\t\t<li class=\"elementor-icon-list-item\">\n\t\t\t\t\t\t\t\t\t\t<span class=\"elementor-icon-list-text\">Fluviul Dun\u0103rea, Giurgiu<\/span>\n\t\t\t\t\t\t\t\t\t<\/li>\n\t\t\t\t\t\t<\/ul>\n\t\t\t\t\t\t<\/div>\n\t\t\t\t<div class=\"elementor-element elementor-element-d899dc4 elementor-widget__width-inherit elementor-widget elementor-widget-image\" data-id=\"d899dc4\" data-element_type=\"widget\" data-e-type=\"widget\" data-widget_type=\"image.default\">\n\t\t\t\t\t\t\t\t\t\t\t\t\t\t\t\t<a href=\"https:\/\/www.google.com\/maps\/place\/\/data=!4m2!3m1!1s0x40ae6724c09abc71:0x3720673db3bbd657?sa=X&#038;ved=1t:8290&#038;ictx=111\" target=\"_blank\" rel=\"noopener\">\n\t\t\t\t\t\t\t<img loading=\"lazy\" decoding=\"async\" width=\"524\" height=\"338\" src=\"https:\/\/restaurantlapontongiurgiu.ro\/wp-content\/uploads\/2024\/12\/215405fd310435f223c8800fdcfd9941.png\" class=\"attachment-large size-large wp-image-204\" alt=\"\" srcset=\"https:\/\/restaurantlapontongiurgiu.ro\/wp-content\/uploads\/2024\/12\/215405fd310435f223c8800fdcfd9941.png 524w, https:\/\/restaurantlapontongiurgiu.ro\/wp-content\/uploads\/2024\/12\/215405fd310435f223c8800fdcfd9941-300x194.png 300w\" sizes=\"(max-width: 524px) 100vw, 524px\" title=\"\">\t\t\t\t\t\t\t\t<\/a>\n\t\t\t\t\t\t\t\t\t\t\t\t\t\t\t<\/div>\n\t\t\t\t<\/div>\n\t\t<div class=\"elementor-element elementor-element-2347768 e-con-full e-flex e-con e-child\" data-id=\"2347768\" data-element_type=\"container\" data-e-type=\"container\">\n\t\t\t\t<div class=\"elementor-element elementor-element-8bb41ae elementor-widget elementor-widget-heading\" data-id=\"8bb41ae\" data-element_type=\"widget\" data-e-type=\"widget\" data-widget_type=\"heading.default\">\n\t\t\t\t\t<div class=\"elementor-heading-title elementor-size-default\">Urm\u0103re\u0219te-ne<\/div>\t\t\t\t<\/div>\n\t\t\t\t<div class=\"elementor-element elementor-element-14c0077 e-grid-align-left elementor-widget-tablet__width-inherit elementor-shape-rounded elementor-grid-0 elementor-widget elementor-widget-social-icons\" data-id=\"14c0077\" data-element_type=\"widget\" data-e-type=\"widget\" data-widget_type=\"social-icons.default\">\n\t\t\t\t\t\t\t<div class=\"elementor-social-icons-wrapper elementor-grid\" role=\"list\">\n\t\t\t\t\t\t\t<span class=\"elementor-grid-item\" role=\"listitem\">\n\t\t\t\t\t<a class=\"elementor-icon elementor-social-icon elementor-social-icon-facebook elementor-repeater-item-7c1bd74\" href=\"https:\/\/www.facebook.com\/RestaurantLaPonton\" target=\"_blank\" rel=\"noopener\">\n\t\t\t\t\t\t<span class=\"elementor-screen-only\">Facebook<\/span>\n\t\t\t\t\t\t<svg aria-hidden=\"true\" class=\"e-font-icon-svg e-fab-facebook\" viewBox=\"0 0 512 512\" xmlns=\"http:\/\/www.w3.org\/2000\/svg\"><path d=\"M504 256C504 119 393 8 256 8S8 119 8 256c0 123.78 90.69 226.38 209.25 245V327.69h-63V256h63v-54.64c0-62.15 37-96.48 93.67-96.48 27.14 0 55.52 4.84 55.52 4.84v61h-31.28c-30.8 0-40.41 19.12-40.41 38.73V256h68.78l-11 71.69h-57.78V501C413.31 482.38 504 379.78 504 256z\"><\/path><\/svg>\t\t\t\t\t<\/a>\n\t\t\t\t<\/span>\n\t\t\t\t\t\t\t<span class=\"elementor-grid-item\" role=\"listitem\">\n\t\t\t\t\t<a class=\"elementor-icon elementor-social-icon elementor-social-icon-tiktok elementor-repeater-item-4fa7b19\" href=\"https:\/\/www.tiktok.com\/@lapontongiurgiu\" target=\"_blank\" rel=\"noopener\">\n\t\t\t\t\t\t<span class=\"elementor-screen-only\">Tiktok<\/span>\n\t\t\t\t\t\t<svg aria-hidden=\"true\" class=\"e-font-icon-svg e-fab-tiktok\" viewBox=\"0 0 448 512\" xmlns=\"http:\/\/www.w3.org\/2000\/svg\"><path d=\"M448,209.91a210.06,210.06,0,0,1-122.77-39.25V349.38A162.55,162.55,0,1,1,185,188.31V278.2a74.62,74.62,0,1,0,52.23,71.18V0l88,0a121.18,121.18,0,0,0,1.86,22.17h0A122.18,122.18,0,0,0,381,102.39a121.43,121.43,0,0,0,67,20.14Z\"><\/path><\/svg>\t\t\t\t\t<\/a>\n\t\t\t\t<\/span>\n\t\t\t\t\t<\/div>\n\t\t\t\t\t\t<\/div>\n\t\t\t\t<div class=\"elementor-element elementor-element-4ad2a9a elementor-widget__width-initial elementor-widget elementor-widget-image\" data-id=\"4ad2a9a\" data-element_type=\"widget\" data-e-type=\"widget\" data-widget_type=\"image.default\">\n\t\t\t\t\t\t\t\t\t\t\t\t\t\t\t<img loading=\"lazy\" decoding=\"async\" width=\"500\" height=\"131\" src=\"https:\/\/restaurantlapontongiurgiu.ro\/wp-content\/uploads\/2025\/01\/Solutionarea-online.webp\" class=\"attachment-large size-large wp-image-2562\" alt=\"\" srcset=\"https:\/\/restaurantlapontongiurgiu.ro\/wp-content\/uploads\/2025\/01\/Solutionarea-online.webp 500w, https:\/\/restaurantlapontongiurgiu.ro\/wp-content\/uploads\/2025\/01\/Solutionarea-online-300x79.webp 300w\" sizes=\"(max-width: 500px) 100vw, 500px\" title=\"\">\t\t\t\t\t\t\t\t\t\t\t\t\t\t\t<\/div>\n\t\t\t\t<div class=\"elementor-element elementor-element-5d8be20 elementor-widget__width-initial elementor-widget elementor-widget-image\" data-id=\"5d8be20\" data-element_type=\"widget\" data-e-type=\"widget\" data-widget_type=\"image.default\">\n\t\t\t\t\t\t\t\t\t\t\t\t\t\t\t<img loading=\"lazy\" decoding=\"async\" width=\"500\" height=\"131\" src=\"https:\/\/restaurantlapontongiurgiu.ro\/wp-content\/uploads\/2025\/01\/anpc.webp\" class=\"attachment-large size-large wp-image-2560\" alt=\"\" srcset=\"https:\/\/restaurantlapontongiurgiu.ro\/wp-content\/uploads\/2025\/01\/anpc.webp 500w, https:\/\/restaurantlapontongiurgiu.ro\/wp-content\/uploads\/2025\/01\/anpc-300x79.webp 300w\" sizes=\"(max-width: 500px) 100vw, 500px\" title=\"\">\t\t\t\t\t\t\t\t\t\t\t\t\t\t\t<\/div>\n\t\t\t\t<\/div>\n\t\t\t\t\t<\/div>\n\t\t\t\t<\/div>\n\t\t<div class=\"elementor-element elementor-element-54b489e e-flex e-con-boxed e-con e-parent\" data-id=\"54b489e\" data-element_type=\"container\" data-e-type=\"container\" data-settings=\"{&quot;background_background&quot;:&quot;classic&quot;}\">\n\t\t\t\t\t<div class=\"e-con-inner\">\n\t\t\t\t<div class=\"elementor-element elementor-element-edb5c7b elementor-widget__width-auto elementor-widget-mobile__width-inherit elementor-widget elementor-widget-heading\" data-id=\"edb5c7b\" data-element_type=\"widget\" data-e-type=\"widget\" data-widget_type=\"heading.default\">\n\t\t\t\t\t<div class=\"elementor-heading-title elementor-size-default\">Copyright \u00a9 2026 - La Ponton <\/div>\t\t\t\t<\/div>\n\t\t\t\t<div class=\"elementor-element elementor-element-1bb0a14 elementor-widget__width-auto elementor-widget-mobile__width-inherit elementor-widget elementor-widget-heading\" data-id=\"1bb0a14\" data-element_type=\"widget\" data-e-type=\"widget\" data-widget_type=\"heading.default\">\n\t\t\t\t\t<div class=\"elementor-heading-title elementor-size-default\">Designed by <a href=\"https:\/\/formragency.com\/\" target=\"_blank\" rel=\"noopener\"><b><span style=\"color: #E3401E\">formr agency<\/span><\/b><\/a> and Manufactured by <a href=\"https:\/\/antagonist.ro\/\" target=\"_blank\" rel=\"noopener\"> <b> <span style=\"color: #E3401E\">Antagonist Enterprise<\/span> <\/b><\/a><\/div>\t\t\t\t<\/div>\n\t\t\t\t\t<\/div>\n\t\t\t\t<\/div>\n\t\t\t\t<\/div>\n\t\t","protected":false},"excerpt":{"rendered":"<p>Acas\u0103 Despre noi Meniu Contact Termeni si conditii Restaurant cu specific pesc\u0103resc. Tradi\u021bional rom\u00e2nesc. Bine ai venit pe site-ul restaurantlapontongiurgiu.ro, un site dedicat restaurantului La Ponton. Utiliz\u00e2nd acest site, accepta\u021bi termenii \u0219i condi\u021biile enun\u021bate mai jos. V\u0103 rug\u0103m s\u0103 citi\u021bi cu aten\u021bie aceste informa\u021bii. Dac\u0103 nu sunte\u021bi de acord cu ace\u0219ti termeni, v\u0103 rug\u0103m s\u0103 [&hellip;]<\/p>\n","protected":false},"author":1,"featured_media":0,"parent":0,"menu_order":0,"comment_status":"closed","ping_status":"closed","template":"elementor_canvas","meta":{"footnotes":""},"class_list":["post-1706","page","type-page","status-publish","hentry"],"_links":{"self":[{"href":"https:\/\/restaurantlapontongiurgiu.ro\/en\/wp-json\/wp\/v2\/pages\/1706","targetHints":{"allow":["GET"]}}],"collection":[{"href":"https:\/\/restaurantlapontongiurgiu.ro\/en\/wp-json\/wp\/v2\/pages"}],"about":[{"href":"https:\/\/restaurantlapontongiurgiu.ro\/en\/wp-json\/wp\/v2\/types\/page"}],"author":[{"embeddable":true,"href":"https:\/\/restaurantlapontongiurgiu.ro\/en\/wp-json\/wp\/v2\/users\/1"}],"replies":[{"embeddable":true,"href":"https:\/\/restaurantlapontongiurgiu.ro\/en\/wp-json\/wp\/v2\/comments?post=1706"}],"version-history":[{"count":15,"href":"https:\/\/restaurantlapontongiurgiu.ro\/en\/wp-json\/wp\/v2\/pages\/1706\/revisions"}],"predecessor-version":[{"id":3164,"href":"https:\/\/restaurantlapontongiurgiu.ro\/en\/wp-json\/wp\/v2\/pages\/1706\/revisions\/3164"}],"wp:attachment":[{"href":"https:\/\/restaurantlapontongiurgiu.ro\/en\/wp-json\/wp\/v2\/media?parent=1706"}],"curies":[{"name":"wp","href":"https:\/\/api.w.org\/{rel}","templated":true}]}}